{"id":131,"date":"2019-07-22T00:53:59","date_gmt":"2019-07-22T05:53:59","guid":{"rendered":"http:\/\/teelweb.pe\/gastromedicperu\/?page_id=131"},"modified":"2020-05-12T01:23:05","modified_gmt":"2020-05-12T06:23:05","slug":"sobre-nosotros","status":"publish","type":"page","link":"https:\/\/teelweb.pe\/gastromedicperu\/sobre-nosotros\/","title":{"rendered":"Sobre Nosotros"},"content":{"rendered":"\t\t<div data-elementor-type=\"wp-page\" data-elementor-id=\"131\" class=\"elementor elementor-131\" data-elementor-post-type=\"page\">\n\t\t\t\t\t\t<section class=\"has_eae_slider has_ae_slider elementor-section elementor-top-section elementor-element elementor-element-0356787 elementor-section-full_width elementor-section-height-default elementor-section-height-default ae-bg-gallery-type-default\" data-id=\"0356787\" data-element_type=\"section\" data-settings=\"{&quot;background_background&quot;:&quot;classic&quot;}\">\n\t\t\t\t\t\t<div class=\"elementor-container elementor-column-gap-default\">\n\t\t\t\t\t<div class=\"has_eae_slider has_ae_slider elementor-column elementor-col-100 elementor-top-column elementor-element elementor-element-e1b0d22 ae-bg-gallery-type-default\" data-id=\"e1b0d22\" data-element_type=\"column\">\n\t\t\t<div class=\"elementor-widget-wrap elementor-element-populated\">\n\t\t\t\t\t\t<div class=\"elementor-element elementor-element-41f47c8 elementor-align-center elementor-widget elementor-widget-breadcrumbs\" data-id=\"41f47c8\" data-element_type=\"widget\" data-widget_type=\"breadcrumbs.default\">\n\t\t\t\t<div class=\"elementor-widget-container\">\n\t\t\t\t\t<p id=\"breadcrumbs\"><span><span><a href=\"https:\/\/teelweb.pe\/gastromedicperu\/\">Inicio<\/a><\/span><\/span><\/p>\t\t\t\t<\/div>\n\t\t\t\t<\/div>\n\t\t\t\t\t<\/div>\n\t\t<\/div>\n\t\t\t\t\t<\/div>\n\t\t<\/section>\n\t\t\t\t<section class=\"has_eae_slider has_ae_slider elementor-section elementor-top-section elementor-element elementor-element-938fad0 elementor-section-boxed elementor-section-height-default elementor-section-height-default ae-bg-gallery-type-default\" data-id=\"938fad0\" data-element_type=\"section\">\n\t\t\t\t\t\t<div class=\"elementor-container elementor-column-gap-default\">\n\t\t\t\t\t<div class=\"has_eae_slider has_ae_slider elementor-column elementor-col-100 elementor-top-column elementor-element elementor-element-44079b4 ae-bg-gallery-type-default\" data-id=\"44079b4\" data-element_type=\"column\">\n\t\t\t<div class=\"elementor-widget-wrap elementor-element-populated\">\n\t\t\t\t\t\t<section class=\"has_eae_slider has_ae_slider elementor-section elementor-inner-section elementor-element elementor-element-dc371c1 elementor-section-boxed elementor-section-height-default elementor-section-height-default ae-bg-gallery-type-default\" data-id=\"dc371c1\" data-element_type=\"section\">\n\t\t\t\t\t\t<div class=\"elementor-container elementor-column-gap-default\">\n\t\t\t\t\t<div class=\"has_eae_slider has_ae_slider elementor-column elementor-col-50 elementor-inner-column elementor-element elementor-element-4bbbf16 ae-bg-gallery-type-default\" data-id=\"4bbbf16\" data-element_type=\"column\">\n\t\t\t<div class=\"elementor-widget-wrap elementor-element-populated\">\n\t\t\t\t\t\t<div class=\"elementor-element elementor-element-fa9e3a1 elementor-position-left elementor-view-default elementor-mobile-position-top elementor-vertical-align-top elementor-widget elementor-widget-icon-box\" data-id=\"fa9e3a1\" data-element_type=\"widget\" data-widget_type=\"icon-box.default\">\n\t\t\t\t<div class=\"elementor-widget-container\">\n\t\t\t\t\t\t\t<div class=\"elementor-icon-box-wrapper\">\n\n\t\t\t\t\t\t<div class=\"elementor-icon-box-icon\">\n\t\t\t\t<span  class=\"elementor-icon\">\n\t\t\t\t<i aria-hidden=\"true\" class=\"fas fa-arrow-right\"><\/i>\t\t\t\t<\/span>\n\t\t\t<\/div>\n\t\t\t\n\t\t\t\t\t\t<div class=\"elementor-icon-box-content\">\n\n\t\t\t\t\t\t\t\t\t<h3 class=\"elementor-icon-box-title\">\n\t\t\t\t\t\t<span  >\n\t\t\t\t\t\t\tMisi\u00f3n\t\t\t\t\t\t<\/span>\n\t\t\t\t\t<\/h3>\n\t\t\t\t\n\t\t\t\t\n\t\t\t<\/div>\n\t\t\t\n\t\t<\/div>\n\t\t\t\t\t\t<\/div>\n\t\t\t\t<\/div>\n\t\t\t\t<div class=\"elementor-element elementor-element-20fd8bf elementor-widget elementor-widget-heading\" data-id=\"20fd8bf\" data-element_type=\"widget\" data-widget_type=\"heading.default\">\n\t\t\t\t<div class=\"elementor-widget-container\">\n\t\t\t\t\t<h3 class=\"elementor-heading-title elementor-size-default\">Somos un centro de diagn\u00f3stico y tratamiento de enfermedades del Aparato digestivo. Brindamos una atenci\u00f3n en salud con calidad, calidez y tecnolog\u00eda.<\/h3>\t\t\t\t<\/div>\n\t\t\t\t<\/div>\n\t\t\t\t<div class=\"elementor-element elementor-element-85d5e58 elementor-position-left elementor-view-default elementor-mobile-position-top elementor-vertical-align-top elementor-widget elementor-widget-icon-box\" data-id=\"85d5e58\" data-element_type=\"widget\" data-widget_type=\"icon-box.default\">\n\t\t\t\t<div class=\"elementor-widget-container\">\n\t\t\t\t\t\t\t<div class=\"elementor-icon-box-wrapper\">\n\n\t\t\t\t\t\t<div class=\"elementor-icon-box-icon\">\n\t\t\t\t<span  class=\"elementor-icon\">\n\t\t\t\t<i aria-hidden=\"true\" class=\"fas fa-arrow-right\"><\/i>\t\t\t\t<\/span>\n\t\t\t<\/div>\n\t\t\t\n\t\t\t\t\t\t<div class=\"elementor-icon-box-content\">\n\n\t\t\t\t\t\t\t\t\t<h3 class=\"elementor-icon-box-title\">\n\t\t\t\t\t\t<span  >\n\t\t\t\t\t\t\tVisi\u00f3n\t\t\t\t\t\t<\/span>\n\t\t\t\t\t<\/h3>\n\t\t\t\t\n\t\t\t\t\n\t\t\t<\/div>\n\t\t\t\n\t\t<\/div>\n\t\t\t\t\t\t<\/div>\n\t\t\t\t<\/div>\n\t\t\t\t<div class=\"elementor-element elementor-element-2381256 elementor-widget elementor-widget-heading\" data-id=\"2381256\" data-element_type=\"widget\" data-widget_type=\"heading.default\">\n\t\t\t\t<div class=\"elementor-widget-container\">\n\t\t\t\t\t<h3 class=\"elementor-heading-title elementor-size-default\">Ser el centro de diagn\u00f3stico y tratamiento de enfermedades del aparato digestivo l\u00edder a nivel nacional, realizando procedimientos diagn\u00f3sticos y terap\u00e9uticos de avanzada, as\u00ec como desarrollando investigaci\u00f3n en salud, para beneficio de nuestros pacientes.<\/h3>\t\t\t\t<\/div>\n\t\t\t\t<\/div>\n\t\t\t\t<div class=\"elementor-element elementor-element-6654191 elementor-position-left elementor-view-default elementor-mobile-position-top elementor-vertical-align-top elementor-widget elementor-widget-icon-box\" data-id=\"6654191\" data-element_type=\"widget\" data-widget_type=\"icon-box.default\">\n\t\t\t\t<div class=\"elementor-widget-container\">\n\t\t\t\t\t\t\t<div class=\"elementor-icon-box-wrapper\">\n\n\t\t\t\t\t\t<div class=\"elementor-icon-box-icon\">\n\t\t\t\t<span  class=\"elementor-icon\">\n\t\t\t\t<i aria-hidden=\"true\" class=\"fas fa-arrow-right\"><\/i>\t\t\t\t<\/span>\n\t\t\t<\/div>\n\t\t\t\n\t\t\t\t\t\t<div class=\"elementor-icon-box-content\">\n\n\t\t\t\t\t\t\t\t\t<h3 class=\"elementor-icon-box-title\">\n\t\t\t\t\t\t<span  >\n\t\t\t\t\t\t\tEspecialistas\t\t\t\t\t\t<\/span>\n\t\t\t\t\t<\/h3>\n\t\t\t\t\n\t\t\t\t\n\t\t\t<\/div>\n\t\t\t\n\t\t<\/div>\n\t\t\t\t\t\t<\/div>\n\t\t\t\t<\/div>\n\t\t\t\t<div class=\"elementor-element elementor-element-ad16453 elementor-widget elementor-widget-heading\" data-id=\"ad16453\" data-element_type=\"widget\" data-widget_type=\"heading.default\">\n\t\t\t\t<div class=\"elementor-widget-container\">\n\t\t\t\t\t<h3 class=\"elementor-heading-title elementor-size-default\">Dr. Edgard Ch\u00e1vez Mendoza<\/h3>\t\t\t\t<\/div>\n\t\t\t\t<\/div>\n\t\t\t\t<div class=\"elementor-element elementor-element-92615ad elementor-widget elementor-widget-heading\" data-id=\"92615ad\" data-element_type=\"widget\" data-widget_type=\"heading.default\">\n\t\t\t\t<div class=\"elementor-widget-container\">\n\t\t\t\t\t<h3 class=\"elementor-heading-title elementor-size-default\">Dr. V\u00edctor Parra P\u00e9rez<\/h3>\t\t\t\t<\/div>\n\t\t\t\t<\/div>\n\t\t\t\t\t<\/div>\n\t\t<\/div>\n\t\t\t\t<div class=\"has_eae_slider has_ae_slider elementor-column elementor-col-50 elementor-inner-column elementor-element elementor-element-14a8190 ae-bg-gallery-type-default\" data-id=\"14a8190\" data-element_type=\"column\">\n\t\t\t<div class=\"elementor-widget-wrap elementor-element-populated\">\n\t\t\t\t\t\t<div class=\"elementor-element elementor-element-3c4f42c elementor-widget elementor-widget-image\" data-id=\"3c4f42c\" data-element_type=\"widget\" data-widget_type=\"image.default\">\n\t\t\t\t<div class=\"elementor-widget-container\">\n\t\t\t\t\t\t\t\t\t\t\t\t\t\t\t<img fetchpriority=\"high\" decoding=\"async\" width=\"1024\" height=\"683\" src=\"https:\/\/teelweb.pe\/gastromedicperu\/wp-content\/uploads\/sites\/34\/2019\/12\/gastromedic_01-1024x683.jpg\" class=\"attachment-large size-large wp-image-242\" alt=\"\" srcset=\"https:\/\/teelweb.pe\/gastromedicperu\/wp-content\/uploads\/sites\/34\/2019\/12\/gastromedic_01-1024x683.jpg 1024w, https:\/\/teelweb.pe\/gastromedicperu\/wp-content\/uploads\/sites\/34\/2019\/12\/gastromedic_01-300x200.jpg 300w, https:\/\/teelweb.pe\/gastromedicperu\/wp-content\/uploads\/sites\/34\/2019\/12\/gastromedic_01-768x512.jpg 768w, https:\/\/teelweb.pe\/gastromedicperu\/wp-content\/uploads\/sites\/34\/2019\/12\/gastromedic_01.jpg 1200w\" sizes=\"(max-width: 1024px) 100vw, 1024px\" \/>\t\t\t\t\t\t\t\t\t\t\t\t\t\t\t<\/div>\n\t\t\t\t<\/div>\n\t\t\t\t<div class=\"elementor-element elementor-element-25bfff9 elementor-widget elementor-widget-image\" data-id=\"25bfff9\" data-element_type=\"widget\" data-widget_type=\"image.default\">\n\t\t\t\t<div class=\"elementor-widget-container\">\n\t\t\t\t\t\t\t\t\t\t\t\t\t\t\t<img decoding=\"async\" width=\"460\" height=\"78\" src=\"https:\/\/teelweb.pe\/gastromedicperu\/wp-content\/uploads\/sites\/34\/2019\/07\/logotipo_gastromedic_peru_web.png\" class=\"attachment-large size-large wp-image-62\" alt=\"\" srcset=\"https:\/\/teelweb.pe\/gastromedicperu\/wp-content\/uploads\/sites\/34\/2019\/07\/logotipo_gastromedic_peru_web.png 460w, https:\/\/teelweb.pe\/gastromedicperu\/wp-content\/uploads\/sites\/34\/2019\/07\/logotipo_gastromedic_peru_web-300x51.png 300w\" sizes=\"(max-width: 460px) 100vw, 460px\" \/>\t\t\t\t\t\t\t\t\t\t\t\t\t\t\t<\/div>\n\t\t\t\t<\/div>\n\t\t\t\t\t<\/div>\n\t\t<\/div>\n\t\t\t\t\t<\/div>\n\t\t<\/section>\n\t\t\t\t\t<\/div>\n\t\t<\/div>\n\t\t\t\t\t<\/div>\n\t\t<\/section>\n\t\t\t\t<\/div>\n\t\t","protected":false},"excerpt":{"rendered":"<p>Misi\u00f3n Somos un centro de diagn\u00f3stico y tratamiento de enfermedades del Aparato digestivo. Brindamos una atenci\u00f3n en salud con calidad, calidez y tecnolog\u00eda. Visi\u00f3n Ser el centro de diagn\u00f3stico y tratamiento de enfermedades del aparato digestivo l\u00edder a nivel nacional, realizando procedimientos diagn\u00f3sticos y terap\u00e9uticos de avanzada, as\u00ec como desarrollando investigaci\u00f3n en salud, para beneficio &#8230; <a title=\"Sobre Nosotros\" class=\"read-more\" href=\"https:\/\/teelweb.pe\/gastromedicperu\/sobre-nosotros\/\" aria-label=\"Leer m\u00e1s sobre Sobre Nosotros\">Read more<\/a><\/p>\n","protected":false},"author":1,"featured_media":0,"parent":0,"menu_order":0,"comment_status":"closed","ping_status":"closed","template":"elementor_header_footer","meta":{"footnotes":""},"class_list":["post-131","page","type-page","status-publish"],"yoast_head":"<!-- This site is optimized with the Yoast SEO Premium plugin v22.2 (Yoast SEO v24.6) - https:\/\/yoast.com\/wordpress\/plugins\/seo\/ -->\n<title>Sobre Nosotros - GASTROMEDIC PER\u00da<\/title>\n<meta name=\"robots\" content=\"index, follow, max-snippet:-1, max-image-preview:large, max-video-preview:-1\" \/>\n<link rel=\"canonical\" href=\"https:\/\/teelweb.pe\/gastromedicperu\/sobre-nosotros\/\" \/>\n<meta property=\"og:locale\" content=\"es_ES\" \/>\n<meta property=\"og:type\" content=\"article\" \/>\n<meta property=\"og:title\" content=\"Sobre Nosotros\" \/>\n<meta property=\"og:description\" content=\"Misi\u00f3n Somos un centro de diagn\u00f3stico y tratamiento de enfermedades del Aparato digestivo. Brindamos una atenci\u00f3n en salud con calidad, calidez y tecnolog\u00eda. Visi\u00f3n Ser el centro de diagn\u00f3stico y tratamiento de enfermedades del aparato digestivo l\u00edder a nivel nacional, realizando procedimientos diagn\u00f3sticos y terap\u00e9uticos de avanzada, as\u00ec como desarrollando investigaci\u00f3n en salud, para beneficio ... Read more\" \/>\n<meta property=\"og:url\" content=\"https:\/\/teelweb.pe\/gastromedicperu\/sobre-nosotros\/\" \/>\n<meta property=\"og:site_name\" content=\"GASTROMEDIC PER\u00da\" \/>\n<meta property=\"article:modified_time\" content=\"2020-05-12T06:23:05+00:00\" \/>\n<meta property=\"og:image\" content=\"http:\/\/gastromedicperu.com\/wp-content\/uploads\/sites\/34\/2019\/12\/gastromedic_01-1024x683.jpg\" \/>\n<meta name=\"twitter:card\" content=\"summary_large_image\" \/>\n<script type=\"application\/ld+json\" class=\"yoast-schema-graph\">{\"@context\":\"https:\/\/schema.org\",\"@graph\":[{\"@type\":\"WebPage\",\"@id\":\"https:\/\/teelweb.pe\/gastromedicperu\/sobre-nosotros\/\",\"url\":\"https:\/\/teelweb.pe\/gastromedicperu\/sobre-nosotros\/\",\"name\":\"Sobre Nosotros - GASTROMEDIC PER\u00da\",\"isPartOf\":{\"@id\":\"https:\/\/teelweb.pe\/gastromedicperu\/#website\"},\"primaryImageOfPage\":{\"@id\":\"https:\/\/teelweb.pe\/gastromedicperu\/sobre-nosotros\/#primaryimage\"},\"image\":{\"@id\":\"https:\/\/teelweb.pe\/gastromedicperu\/sobre-nosotros\/#primaryimage\"},\"thumbnailUrl\":\"http:\/\/gastromedicperu.com\/wp-content\/uploads\/sites\/34\/2019\/12\/gastromedic_01-1024x683.jpg\",\"datePublished\":\"2019-07-22T05:53:59+00:00\",\"dateModified\":\"2020-05-12T06:23:05+00:00\",\"breadcrumb\":{\"@id\":\"https:\/\/teelweb.pe\/gastromedicperu\/sobre-nosotros\/#breadcrumb\"},\"inLanguage\":\"es\",\"potentialAction\":[{\"@type\":\"ReadAction\",\"target\":[\"https:\/\/teelweb.pe\/gastromedicperu\/sobre-nosotros\/\"]}]},{\"@type\":\"ImageObject\",\"inLanguage\":\"es\",\"@id\":\"https:\/\/teelweb.pe\/gastromedicperu\/sobre-nosotros\/#primaryimage\",\"url\":\"http:\/\/gastromedicperu.com\/wp-content\/uploads\/sites\/34\/2019\/12\/gastromedic_01-1024x683.jpg\",\"contentUrl\":\"http:\/\/gastromedicperu.com\/wp-content\/uploads\/sites\/34\/2019\/12\/gastromedic_01-1024x683.jpg\"},{\"@type\":\"BreadcrumbList\",\"@id\":\"https:\/\/teelweb.pe\/gastromedicperu\/sobre-nosotros\/#breadcrumb\",\"itemListElement\":[{\"@type\":\"ListItem\",\"position\":1,\"name\":\"Inicio\",\"item\":\"https:\/\/teelweb.pe\/gastromedicperu\/\"},{\"@type\":\"ListItem\",\"position\":2,\"name\":\"Sobre Nosotros\"}]},{\"@type\":\"WebSite\",\"@id\":\"https:\/\/teelweb.pe\/gastromedicperu\/#website\",\"url\":\"https:\/\/teelweb.pe\/gastromedicperu\/\",\"name\":\"GASTROMEDIC PER\u00da\",\"description\":\"M\u00e9dicos Especialistas en Gastroenterolog\u00eda\",\"potentialAction\":[{\"@type\":\"SearchAction\",\"target\":{\"@type\":\"EntryPoint\",\"urlTemplate\":\"https:\/\/teelweb.pe\/gastromedicperu\/?s={search_term_string}\"},\"query-input\":{\"@type\":\"PropertyValueSpecification\",\"valueRequired\":true,\"valueName\":\"search_term_string\"}}],\"inLanguage\":\"es\"}]}<\/script>\n<!-- \/ Yoast SEO Premium plugin. -->","yoast_head_json":{"title":"Sobre Nosotros - GASTROMEDIC PER\u00da","robots":{"index":"index","follow":"follow","max-snippet":"max-snippet:-1","max-image-preview":"max-image-preview:large","max-video-preview":"max-video-preview:-1"},"canonical":"https:\/\/teelweb.pe\/gastromedicperu\/sobre-nosotros\/","og_locale":"es_ES","og_type":"article","og_title":"Sobre Nosotros","og_description":"Misi\u00f3n Somos un centro de diagn\u00f3stico y tratamiento de enfermedades del Aparato digestivo. Brindamos una atenci\u00f3n en salud con calidad, calidez y tecnolog\u00eda. Visi\u00f3n Ser el centro de diagn\u00f3stico y tratamiento de enfermedades del aparato digestivo l\u00edder a nivel nacional, realizando procedimientos diagn\u00f3sticos y terap\u00e9uticos de avanzada, as\u00ec como desarrollando investigaci\u00f3n en salud, para beneficio ... Read more","og_url":"https:\/\/teelweb.pe\/gastromedicperu\/sobre-nosotros\/","og_site_name":"GASTROMEDIC PER\u00da","article_modified_time":"2020-05-12T06:23:05+00:00","og_image":[{"url":"http:\/\/gastromedicperu.com\/wp-content\/uploads\/sites\/34\/2019\/12\/gastromedic_01-1024x683.jpg","type":"","width":"","height":""}],"twitter_card":"summary_large_image","schema":{"@context":"https:\/\/schema.org","@graph":[{"@type":"WebPage","@id":"https:\/\/teelweb.pe\/gastromedicperu\/sobre-nosotros\/","url":"https:\/\/teelweb.pe\/gastromedicperu\/sobre-nosotros\/","name":"Sobre Nosotros - GASTROMEDIC PER\u00da","isPartOf":{"@id":"https:\/\/teelweb.pe\/gastromedicperu\/#website"},"primaryImageOfPage":{"@id":"https:\/\/teelweb.pe\/gastromedicperu\/sobre-nosotros\/#primaryimage"},"image":{"@id":"https:\/\/teelweb.pe\/gastromedicperu\/sobre-nosotros\/#primaryimage"},"thumbnailUrl":"http:\/\/gastromedicperu.com\/wp-content\/uploads\/sites\/34\/2019\/12\/gastromedic_01-1024x683.jpg","datePublished":"2019-07-22T05:53:59+00:00","dateModified":"2020-05-12T06:23:05+00:00","breadcrumb":{"@id":"https:\/\/teelweb.pe\/gastromedicperu\/sobre-nosotros\/#breadcrumb"},"inLanguage":"es","potentialAction":[{"@type":"ReadAction","target":["https:\/\/teelweb.pe\/gastromedicperu\/sobre-nosotros\/"]}]},{"@type":"ImageObject","inLanguage":"es","@id":"https:\/\/teelweb.pe\/gastromedicperu\/sobre-nosotros\/#primaryimage","url":"http:\/\/gastromedicperu.com\/wp-content\/uploads\/sites\/34\/2019\/12\/gastromedic_01-1024x683.jpg","contentUrl":"http:\/\/gastromedicperu.com\/wp-content\/uploads\/sites\/34\/2019\/12\/gastromedic_01-1024x683.jpg"},{"@type":"BreadcrumbList","@id":"https:\/\/teelweb.pe\/gastromedicperu\/sobre-nosotros\/#breadcrumb","itemListElement":[{"@type":"ListItem","position":1,"name":"Inicio","item":"https:\/\/teelweb.pe\/gastromedicperu\/"},{"@type":"ListItem","position":2,"name":"Sobre Nosotros"}]},{"@type":"WebSite","@id":"https:\/\/teelweb.pe\/gastromedicperu\/#website","url":"https:\/\/teelweb.pe\/gastromedicperu\/","name":"GASTROMEDIC PER\u00da","description":"M\u00e9dicos Especialistas en Gastroenterolog\u00eda","potentialAction":[{"@type":"SearchAction","target":{"@type":"EntryPoint","urlTemplate":"https:\/\/teelweb.pe\/gastromedicperu\/?s={search_term_string}"},"query-input":{"@type":"PropertyValueSpecification","valueRequired":true,"valueName":"search_term_string"}}],"inLanguage":"es"}]}},"_links":{"self":[{"href":"https:\/\/teelweb.pe\/gastromedicperu\/wp-json\/wp\/v2\/pages\/131","targetHints":{"allow":["GET"]}}],"collection":[{"href":"https:\/\/teelweb.pe\/gastromedicperu\/wp-json\/wp\/v2\/pages"}],"about":[{"href":"https:\/\/teelweb.pe\/gastromedicperu\/wp-json\/wp\/v2\/types\/page"}],"author":[{"embeddable":true,"href":"https:\/\/teelweb.pe\/gastromedicperu\/wp-json\/wp\/v2\/users\/1"}],"replies":[{"embeddable":true,"href":"https:\/\/teelweb.pe\/gastromedicperu\/wp-json\/wp\/v2\/comments?post=131"}],"version-history":[{"count":0,"href":"https:\/\/teelweb.pe\/gastromedicperu\/wp-json\/wp\/v2\/pages\/131\/revisions"}],"wp:attachment":[{"href":"https:\/\/teelweb.pe\/gastromedicperu\/wp-json\/wp\/v2\/media?parent=131"}],"curies":[{"name":"wp","href":"https:\/\/api.w.org\/{rel}","templated":true}]}}