{"id":141,"date":"2019-07-22T01:17:18","date_gmt":"2019-07-22T06:17:18","guid":{"rendered":"http:\/\/teelweb.pe\/gastromedicperu\/?page_id=141"},"modified":"2019-12-11T12:48:13","modified_gmt":"2019-12-11T17:48:13","slug":"especialistas","status":"publish","type":"page","link":"https:\/\/teelweb.pe\/gastromedicperu\/especialistas\/","title":{"rendered":"Especialistas"},"content":{"rendered":"\t\t<div data-elementor-type=\"wp-page\" data-elementor-id=\"141\" class=\"elementor elementor-141\" data-elementor-post-type=\"page\">\n\t\t\t\t\t\t<section class=\"has_eae_slider has_ae_slider elementor-section elementor-top-section elementor-element elementor-element-0356787 elementor-section-full_width elementor-section-height-default elementor-section-height-default ae-bg-gallery-type-default\" data-id=\"0356787\" data-element_type=\"section\" data-settings=\"{&quot;background_background&quot;:&quot;classic&quot;}\">\n\t\t\t\t\t\t<div class=\"elementor-container elementor-column-gap-default\">\n\t\t\t\t\t<div class=\"has_eae_slider has_ae_slider elementor-column elementor-col-100 elementor-top-column elementor-element elementor-element-e1b0d22 ae-bg-gallery-type-default\" data-id=\"e1b0d22\" data-element_type=\"column\">\n\t\t\t<div class=\"elementor-widget-wrap elementor-element-populated\">\n\t\t\t\t\t\t<div class=\"elementor-element elementor-element-41f47c8 elementor-align-center elementor-widget elementor-widget-breadcrumbs\" data-id=\"41f47c8\" data-element_type=\"widget\" data-widget_type=\"breadcrumbs.default\">\n\t\t\t\t<div class=\"elementor-widget-container\">\n\t\t\t\t\t<p id=\"breadcrumbs\"><span><span><a href=\"https:\/\/teelweb.pe\/gastromedicperu\/\">Inicio<\/a><\/span><\/span><\/p>\t\t\t\t<\/div>\n\t\t\t\t<\/div>\n\t\t\t\t\t<\/div>\n\t\t<\/div>\n\t\t\t\t\t<\/div>\n\t\t<\/section>\n\t\t\t\t<section class=\"has_eae_slider has_ae_slider elementor-section elementor-top-section elementor-element elementor-element-938fad0 elementor-section-boxed elementor-section-height-default elementor-section-height-default ae-bg-gallery-type-default\" data-id=\"938fad0\" data-element_type=\"section\">\n\t\t\t\t\t\t<div class=\"elementor-container elementor-column-gap-default\">\n\t\t\t\t\t<div class=\"has_eae_slider has_ae_slider elementor-column elementor-col-100 elementor-top-column elementor-element elementor-element-44079b4 ae-bg-gallery-type-default\" data-id=\"44079b4\" data-element_type=\"column\">\n\t\t\t<div class=\"elementor-widget-wrap elementor-element-populated\">\n\t\t\t\t\t\t<div class=\"elementor-element elementor-element-70198b5 elementor-widget elementor-widget-text-editor\" data-id=\"70198b5\" data-element_type=\"widget\" data-widget_type=\"text-editor.default\">\n\t\t\t\t<div class=\"elementor-widget-container\">\n\t\t\t\t\t\t\t\t\t<p>Gastromedic cuenta con especialistas en enfermedades digestivas capaces de diagnosticar y tratar en forma oportuna y eficaz los problemas de la salud digestiva.<\/p>\t\t\t\t\t\t\t\t<\/div>\n\t\t\t\t<\/div>\n\t\t\t\t<section class=\"has_eae_slider has_ae_slider elementor-section elementor-inner-section elementor-element elementor-element-6b64923 elementor-section-boxed elementor-section-height-default elementor-section-height-default ae-bg-gallery-type-default\" data-id=\"6b64923\" data-element_type=\"section\">\n\t\t\t\t\t\t<div class=\"elementor-container elementor-column-gap-default\">\n\t\t\t\t\t<div class=\"has_eae_slider has_ae_slider elementor-column elementor-col-50 elementor-inner-column elementor-element elementor-element-887e6cc ae-bg-gallery-type-default\" data-id=\"887e6cc\" data-element_type=\"column\">\n\t\t\t<div class=\"elementor-widget-wrap elementor-element-populated\">\n\t\t\t\t\t\t<div class=\"elementor-element elementor-element-5cee4c6 elementor-widget elementor-widget-image\" data-id=\"5cee4c6\" data-element_type=\"widget\" data-widget_type=\"image.default\">\n\t\t\t\t<div class=\"elementor-widget-container\">\n\t\t\t\t\t\t\t\t\t\t\t\t\t\t\t<img fetchpriority=\"high\" decoding=\"async\" width=\"300\" height=\"300\" src=\"https:\/\/teelweb.pe\/gastromedicperu\/wp-content\/uploads\/sites\/34\/2019\/12\/Doctor_Edgard_Chavez-300x300.jpg\" class=\"elementor-animation-shrink attachment-medium size-medium wp-image-226\" alt=\"\" srcset=\"https:\/\/teelweb.pe\/gastromedicperu\/wp-content\/uploads\/sites\/34\/2019\/12\/Doctor_Edgard_Chavez-300x300.jpg 300w, https:\/\/teelweb.pe\/gastromedicperu\/wp-content\/uploads\/sites\/34\/2019\/12\/Doctor_Edgard_Chavez-150x150.jpg 150w, https:\/\/teelweb.pe\/gastromedicperu\/wp-content\/uploads\/sites\/34\/2019\/12\/Doctor_Edgard_Chavez-768x768.jpg 768w, https:\/\/teelweb.pe\/gastromedicperu\/wp-content\/uploads\/sites\/34\/2019\/12\/Doctor_Edgard_Chavez.jpg 954w\" sizes=\"(max-width: 300px) 100vw, 300px\" \/>\t\t\t\t\t\t\t\t\t\t\t\t\t\t\t<\/div>\n\t\t\t\t<\/div>\n\t\t\t\t<div class=\"elementor-element elementor-element-57f2231 elementor-widget elementor-widget-heading\" data-id=\"57f2231\" data-element_type=\"widget\" data-widget_type=\"heading.default\">\n\t\t\t\t<div class=\"elementor-widget-container\">\n\t\t\t\t\t<h2 class=\"elementor-heading-title elementor-size-medium\">Dr. Edgard Mariano Chavez Mendoza<\/h2>\t\t\t\t<\/div>\n\t\t\t\t<\/div>\n\t\t\t\t\t<\/div>\n\t\t<\/div>\n\t\t\t\t<div class=\"has_eae_slider has_ae_slider elementor-column elementor-col-50 elementor-inner-column elementor-element elementor-element-90002ee ae-bg-gallery-type-default\" data-id=\"90002ee\" data-element_type=\"column\">\n\t\t\t<div class=\"elementor-widget-wrap elementor-element-populated\">\n\t\t\t\t\t\t<div class=\"elementor-element elementor-element-c301a5f elementor-widget elementor-widget-image\" data-id=\"c301a5f\" data-element_type=\"widget\" data-widget_type=\"image.default\">\n\t\t\t\t<div class=\"elementor-widget-container\">\n\t\t\t\t\t\t\t\t\t\t\t\t\t\t\t<img decoding=\"async\" width=\"300\" height=\"300\" src=\"https:\/\/teelweb.pe\/gastromedicperu\/wp-content\/uploads\/sites\/34\/2019\/12\/Doctor_V\u00edctor_Parra-300x300.jpg\" class=\"elementor-animation-shrink attachment-medium size-medium wp-image-227\" alt=\"\" srcset=\"https:\/\/teelweb.pe\/gastromedicperu\/wp-content\/uploads\/sites\/34\/2019\/12\/Doctor_V\u00edctor_Parra-300x300.jpg 300w, https:\/\/teelweb.pe\/gastromedicperu\/wp-content\/uploads\/sites\/34\/2019\/12\/Doctor_V\u00edctor_Parra-150x150.jpg 150w, https:\/\/teelweb.pe\/gastromedicperu\/wp-content\/uploads\/sites\/34\/2019\/12\/Doctor_V\u00edctor_Parra-768x768.jpg 768w, https:\/\/teelweb.pe\/gastromedicperu\/wp-content\/uploads\/sites\/34\/2019\/12\/Doctor_V\u00edctor_Parra.jpg 954w\" sizes=\"(max-width: 300px) 100vw, 300px\" \/>\t\t\t\t\t\t\t\t\t\t\t\t\t\t\t<\/div>\n\t\t\t\t<\/div>\n\t\t\t\t<div class=\"elementor-element elementor-element-d7aa39a elementor-widget elementor-widget-heading\" data-id=\"d7aa39a\" data-element_type=\"widget\" data-widget_type=\"heading.default\">\n\t\t\t\t<div class=\"elementor-widget-container\">\n\t\t\t\t\t<h2 class=\"elementor-heading-title elementor-size-medium\">Dr. V\u00edctor Felipe Parra P\u00e9rez<\/h2>\t\t\t\t<\/div>\n\t\t\t\t<\/div>\n\t\t\t\t\t<\/div>\n\t\t<\/div>\n\t\t\t\t\t<\/div>\n\t\t<\/section>\n\t\t\t\t\t<\/div>\n\t\t<\/div>\n\t\t\t\t\t<\/div>\n\t\t<\/section>\n\t\t\t\t<\/div>\n\t\t","protected":false},"excerpt":{"rendered":"<p>Gastromedic cuenta con especialistas en enfermedades digestivas capaces de diagnosticar y tratar en forma oportuna y eficaz los problemas de la salud digestiva. Dr. Edgard Mariano Chavez Mendoza Dr. V\u00edctor Felipe Parra P\u00e9rez<\/p>\n","protected":false},"author":1,"featured_media":0,"parent":0,"menu_order":0,"comment_status":"closed","ping_status":"closed","template":"elementor_header_footer","meta":{"footnotes":""},"class_list":["post-141","page","type-page","status-publish"],"yoast_head":"<!-- This site is optimized with the Yoast SEO Premium plugin v22.2 (Yoast SEO v24.6) - https:\/\/yoast.com\/wordpress\/plugins\/seo\/ -->\n<title>Especialistas - GASTROMEDIC PER\u00da<\/title>\n<meta name=\"robots\" content=\"index, follow, max-snippet:-1, max-image-preview:large, max-video-preview:-1\" \/>\n<link rel=\"canonical\" href=\"https:\/\/teelweb.pe\/gastromedicperu\/especialistas\/\" \/>\n<meta property=\"og:locale\" content=\"es_ES\" \/>\n<meta property=\"og:type\" content=\"article\" \/>\n<meta property=\"og:title\" content=\"Especialistas\" \/>\n<meta property=\"og:description\" content=\"Gastromedic cuenta con especialistas en enfermedades digestivas capaces de diagnosticar y tratar en forma oportuna y eficaz los problemas de la salud digestiva. Dr. Edgard Mariano Chavez Mendoza Dr. V\u00edctor Felipe Parra P\u00e9rez\" \/>\n<meta property=\"og:url\" content=\"https:\/\/teelweb.pe\/gastromedicperu\/especialistas\/\" \/>\n<meta property=\"og:site_name\" content=\"GASTROMEDIC PER\u00da\" \/>\n<meta property=\"article:modified_time\" content=\"2019-12-11T17:48:13+00:00\" \/>\n<meta property=\"og:image\" content=\"http:\/\/gastromedicperu.com\/wp-content\/uploads\/sites\/34\/2019\/12\/Doctor_Edgard_Chavez-300x300.jpg\" \/>\n<meta name=\"twitter:card\" content=\"summary_large_image\" \/>\n<script type=\"application\/ld+json\" class=\"yoast-schema-graph\">{\"@context\":\"https:\/\/schema.org\",\"@graph\":[{\"@type\":\"WebPage\",\"@id\":\"https:\/\/teelweb.pe\/gastromedicperu\/especialistas\/\",\"url\":\"https:\/\/teelweb.pe\/gastromedicperu\/especialistas\/\",\"name\":\"Especialistas - GASTROMEDIC PER\u00da\",\"isPartOf\":{\"@id\":\"https:\/\/teelweb.pe\/gastromedicperu\/#website\"},\"primaryImageOfPage\":{\"@id\":\"https:\/\/teelweb.pe\/gastromedicperu\/especialistas\/#primaryimage\"},\"image\":{\"@id\":\"https:\/\/teelweb.pe\/gastromedicperu\/especialistas\/#primaryimage\"},\"thumbnailUrl\":\"http:\/\/gastromedicperu.com\/wp-content\/uploads\/sites\/34\/2019\/12\/Doctor_Edgard_Chavez-300x300.jpg\",\"datePublished\":\"2019-07-22T06:17:18+00:00\",\"dateModified\":\"2019-12-11T17:48:13+00:00\",\"breadcrumb\":{\"@id\":\"https:\/\/teelweb.pe\/gastromedicperu\/especialistas\/#breadcrumb\"},\"inLanguage\":\"es\",\"potentialAction\":[{\"@type\":\"ReadAction\",\"target\":[\"https:\/\/teelweb.pe\/gastromedicperu\/especialistas\/\"]}]},{\"@type\":\"ImageObject\",\"inLanguage\":\"es\",\"@id\":\"https:\/\/teelweb.pe\/gastromedicperu\/especialistas\/#primaryimage\",\"url\":\"http:\/\/gastromedicperu.com\/wp-content\/uploads\/sites\/34\/2019\/12\/Doctor_Edgard_Chavez-300x300.jpg\",\"contentUrl\":\"http:\/\/gastromedicperu.com\/wp-content\/uploads\/sites\/34\/2019\/12\/Doctor_Edgard_Chavez-300x300.jpg\"},{\"@type\":\"BreadcrumbList\",\"@id\":\"https:\/\/teelweb.pe\/gastromedicperu\/especialistas\/#breadcrumb\",\"itemListElement\":[{\"@type\":\"ListItem\",\"position\":1,\"name\":\"Inicio\",\"item\":\"https:\/\/teelweb.pe\/gastromedicperu\/\"},{\"@type\":\"ListItem\",\"position\":2,\"name\":\"Especialistas\"}]},{\"@type\":\"WebSite\",\"@id\":\"https:\/\/teelweb.pe\/gastromedicperu\/#website\",\"url\":\"https:\/\/teelweb.pe\/gastromedicperu\/\",\"name\":\"GASTROMEDIC PER\u00da\",\"description\":\"M\u00e9dicos Especialistas en Gastroenterolog\u00eda\",\"potentialAction\":[{\"@type\":\"SearchAction\",\"target\":{\"@type\":\"EntryPoint\",\"urlTemplate\":\"https:\/\/teelweb.pe\/gastromedicperu\/?s={search_term_string}\"},\"query-input\":{\"@type\":\"PropertyValueSpecification\",\"valueRequired\":true,\"valueName\":\"search_term_string\"}}],\"inLanguage\":\"es\"}]}<\/script>\n<!-- \/ Yoast SEO Premium plugin. -->","yoast_head_json":{"title":"Especialistas - GASTROMEDIC PER\u00da","robots":{"index":"index","follow":"follow","max-snippet":"max-snippet:-1","max-image-preview":"max-image-preview:large","max-video-preview":"max-video-preview:-1"},"canonical":"https:\/\/teelweb.pe\/gastromedicperu\/especialistas\/","og_locale":"es_ES","og_type":"article","og_title":"Especialistas","og_description":"Gastromedic cuenta con especialistas en enfermedades digestivas capaces de diagnosticar y tratar en forma oportuna y eficaz los problemas de la salud digestiva. Dr. Edgard Mariano Chavez Mendoza Dr. V\u00edctor Felipe Parra P\u00e9rez","og_url":"https:\/\/teelweb.pe\/gastromedicperu\/especialistas\/","og_site_name":"GASTROMEDIC PER\u00da","article_modified_time":"2019-12-11T17:48:13+00:00","og_image":[{"url":"http:\/\/gastromedicperu.com\/wp-content\/uploads\/sites\/34\/2019\/12\/Doctor_Edgard_Chavez-300x300.jpg","type":"","width":"","height":""}],"twitter_card":"summary_large_image","schema":{"@context":"https:\/\/schema.org","@graph":[{"@type":"WebPage","@id":"https:\/\/teelweb.pe\/gastromedicperu\/especialistas\/","url":"https:\/\/teelweb.pe\/gastromedicperu\/especialistas\/","name":"Especialistas - GASTROMEDIC PER\u00da","isPartOf":{"@id":"https:\/\/teelweb.pe\/gastromedicperu\/#website"},"primaryImageOfPage":{"@id":"https:\/\/teelweb.pe\/gastromedicperu\/especialistas\/#primaryimage"},"image":{"@id":"https:\/\/teelweb.pe\/gastromedicperu\/especialistas\/#primaryimage"},"thumbnailUrl":"http:\/\/gastromedicperu.com\/wp-content\/uploads\/sites\/34\/2019\/12\/Doctor_Edgard_Chavez-300x300.jpg","datePublished":"2019-07-22T06:17:18+00:00","dateModified":"2019-12-11T17:48:13+00:00","breadcrumb":{"@id":"https:\/\/teelweb.pe\/gastromedicperu\/especialistas\/#breadcrumb"},"inLanguage":"es","potentialAction":[{"@type":"ReadAction","target":["https:\/\/teelweb.pe\/gastromedicperu\/especialistas\/"]}]},{"@type":"ImageObject","inLanguage":"es","@id":"https:\/\/teelweb.pe\/gastromedicperu\/especialistas\/#primaryimage","url":"http:\/\/gastromedicperu.com\/wp-content\/uploads\/sites\/34\/2019\/12\/Doctor_Edgard_Chavez-300x300.jpg","contentUrl":"http:\/\/gastromedicperu.com\/wp-content\/uploads\/sites\/34\/2019\/12\/Doctor_Edgard_Chavez-300x300.jpg"},{"@type":"BreadcrumbList","@id":"https:\/\/teelweb.pe\/gastromedicperu\/especialistas\/#breadcrumb","itemListElement":[{"@type":"ListItem","position":1,"name":"Inicio","item":"https:\/\/teelweb.pe\/gastromedicperu\/"},{"@type":"ListItem","position":2,"name":"Especialistas"}]},{"@type":"WebSite","@id":"https:\/\/teelweb.pe\/gastromedicperu\/#website","url":"https:\/\/teelweb.pe\/gastromedicperu\/","name":"GASTROMEDIC PER\u00da","description":"M\u00e9dicos Especialistas en Gastroenterolog\u00eda","potentialAction":[{"@type":"SearchAction","target":{"@type":"EntryPoint","urlTemplate":"https:\/\/teelweb.pe\/gastromedicperu\/?s={search_term_string}"},"query-input":{"@type":"PropertyValueSpecification","valueRequired":true,"valueName":"search_term_string"}}],"inLanguage":"es"}]}},"_links":{"self":[{"href":"https:\/\/teelweb.pe\/gastromedicperu\/wp-json\/wp\/v2\/pages\/141","targetHints":{"allow":["GET"]}}],"collection":[{"href":"https:\/\/teelweb.pe\/gastromedicperu\/wp-json\/wp\/v2\/pages"}],"about":[{"href":"https:\/\/teelweb.pe\/gastromedicperu\/wp-json\/wp\/v2\/types\/page"}],"author":[{"embeddable":true,"href":"https:\/\/teelweb.pe\/gastromedicperu\/wp-json\/wp\/v2\/users\/1"}],"replies":[{"embeddable":true,"href":"https:\/\/teelweb.pe\/gastromedicperu\/wp-json\/wp\/v2\/comments?post=141"}],"version-history":[{"count":0,"href":"https:\/\/teelweb.pe\/gastromedicperu\/wp-json\/wp\/v2\/pages\/141\/revisions"}],"wp:attachment":[{"href":"https:\/\/teelweb.pe\/gastromedicperu\/wp-json\/wp\/v2\/media?parent=141"}],"curies":[{"name":"wp","href":"https:\/\/api.w.org\/{rel}","templated":true}]}}