{"id":219,"date":"2019-12-11T11:58:21","date_gmt":"2019-12-11T16:58:21","guid":{"rendered":"http:\/\/gastromedicperu.com\/?page_id=219"},"modified":"2020-05-12T01:54:59","modified_gmt":"2020-05-12T06:54:59","slug":"procedimientos","status":"publish","type":"page","link":"https:\/\/teelweb.pe\/gastromedicperu\/servicios\/procedimientos\/","title":{"rendered":"Procedimientos"},"content":{"rendered":"\t\t<div data-elementor-type=\"wp-page\" data-elementor-id=\"219\" class=\"elementor elementor-219\" data-elementor-post-type=\"page\">\n\t\t\t\t\t\t<section class=\"has_eae_slider has_ae_slider elementor-section elementor-top-section elementor-element elementor-element-0356787 elementor-section-full_width elementor-section-height-default elementor-section-height-default ae-bg-gallery-type-default\" data-id=\"0356787\" data-element_type=\"section\" data-settings=\"{&quot;background_background&quot;:&quot;classic&quot;}\">\n\t\t\t\t\t\t<div class=\"elementor-container elementor-column-gap-default\">\n\t\t\t\t\t<div class=\"has_eae_slider has_ae_slider elementor-column elementor-col-100 elementor-top-column elementor-element elementor-element-e1b0d22 ae-bg-gallery-type-default\" data-id=\"e1b0d22\" data-element_type=\"column\">\n\t\t\t<div class=\"elementor-widget-wrap elementor-element-populated\">\n\t\t\t\t\t\t<div class=\"elementor-element elementor-element-41f47c8 elementor-align-center elementor-widget elementor-widget-breadcrumbs\" data-id=\"41f47c8\" data-element_type=\"widget\" data-widget_type=\"breadcrumbs.default\">\n\t\t\t\t<div class=\"elementor-widget-container\">\n\t\t\t\t\t<p id=\"breadcrumbs\"><span><span><a href=\"https:\/\/teelweb.pe\/gastromedicperu\/\">Inicio<\/a><\/span><\/span><\/p>\t\t\t\t<\/div>\n\t\t\t\t<\/div>\n\t\t\t\t\t<\/div>\n\t\t<\/div>\n\t\t\t\t\t<\/div>\n\t\t<\/section>\n\t\t\t\t<section class=\"has_eae_slider has_ae_slider elementor-section elementor-top-section elementor-element elementor-element-938fad0 elementor-section-boxed elementor-section-height-default elementor-section-height-default ae-bg-gallery-type-default\" data-id=\"938fad0\" data-element_type=\"section\">\n\t\t\t\t\t\t<div class=\"elementor-container elementor-column-gap-default\">\n\t\t\t\t\t<div class=\"has_eae_slider has_ae_slider elementor-column elementor-col-100 elementor-top-column elementor-element elementor-element-44079b4 ae-bg-gallery-type-default\" data-id=\"44079b4\" data-element_type=\"column\">\n\t\t\t<div class=\"elementor-widget-wrap elementor-element-populated\">\n\t\t\t\t\t\t<div class=\"elementor-element elementor-element-70198b5 elementor-widget elementor-widget-text-editor\" data-id=\"70198b5\" data-element_type=\"widget\" data-widget_type=\"text-editor.default\">\n\t\t\t\t<div class=\"elementor-widget-container\">\n\t\t\t\t\t\t\t\t\t<p>Nuestros m\u00e9todos y procedimientos se distinguen por ser de los m\u00e1s modernos y efectivos para el estudio y evaluaci\u00f3n de los \u00f3rganos y la correcci\u00f3n de afecciones diversas. Conozca en esta secci\u00f3n la amplia gama de t\u00e9cnicas m\u00e9dicas que ponemos a su alcance para poder ofrecerle las soluciones ideales a sus problemas de salud relacionados con el sistema digestivo.<\/p>\t\t\t\t\t\t\t\t<\/div>\n\t\t\t\t<\/div>\n\t\t\t\t<div class=\"elementor-element elementor-element-5b967ec elementor-widget elementor-widget-heading\" data-id=\"5b967ec\" data-element_type=\"widget\" data-widget_type=\"heading.default\">\n\t\t\t\t<div class=\"elementor-widget-container\">\n\t\t\t\t\t<h2 class=\"elementor-heading-title elementor-size-default\">Procedimientos<\/h2>\t\t\t\t<\/div>\n\t\t\t\t<\/div>\n\t\t\t\t<section class=\"has_eae_slider has_ae_slider elementor-section elementor-inner-section elementor-element elementor-element-dc371c1 elementor-section-boxed elementor-section-height-default elementor-section-height-default ae-bg-gallery-type-default\" data-id=\"dc371c1\" data-element_type=\"section\">\n\t\t\t\t\t\t<div class=\"elementor-container elementor-column-gap-default\">\n\t\t\t\t\t<div class=\"has_eae_slider has_ae_slider elementor-column elementor-col-33 elementor-inner-column elementor-element elementor-element-4bbbf16 ae-bg-gallery-type-default\" data-id=\"4bbbf16\" data-element_type=\"column\">\n\t\t\t<div class=\"elementor-widget-wrap elementor-element-populated\">\n\t\t\t\t\t\t<div class=\"elementor-element elementor-element-73d6f48 elementor-widget elementor-widget-text-editor\" data-id=\"73d6f48\" data-element_type=\"widget\" data-widget_type=\"text-editor.default\">\n\t\t\t\t<div class=\"elementor-widget-container\">\n\t\t\t\t\t\t\t\t\t<p><span style=\"color: #ff0000;\">\u27a0<\/span> <span style=\"color: #003366;\">Videoendoscopia digestiva alta<\/span><\/p><p><span style=\"color: #ff0000;\">\u27a0<\/span> <span style=\"color: #003366;\">Videocolonoscopia completa<\/span><\/p><p><span style=\"color: #ff0000;\">\u27a0<\/span> <span style=\"color: #003366;\">Videocolonoscopia izquierda<\/span><\/p><p><span style=\"color: #ff0000;\">\u27a0<\/span> <span style=\"color: #003366;\">Proctosigmoidoscopia<\/span><\/p><p><span style=\"color: #ff0000;\">\u27a0<\/span> <span style=\"color: #003366;\">Colangiopancreatoscopia retr\u00f2grada endosc\u00f3pica (CPRE)<\/span><\/p>\t\t\t\t\t\t\t\t<\/div>\n\t\t\t\t<\/div>\n\t\t\t\t\t<\/div>\n\t\t<\/div>\n\t\t\t\t<div class=\"has_eae_slider has_ae_slider elementor-column elementor-col-33 elementor-inner-column elementor-element elementor-element-1432ea4 ae-bg-gallery-type-default\" data-id=\"1432ea4\" data-element_type=\"column\">\n\t\t\t<div class=\"elementor-widget-wrap elementor-element-populated\">\n\t\t\t\t\t\t<div class=\"elementor-element elementor-element-75f0e14 elementor-widget elementor-widget-text-editor\" data-id=\"75f0e14\" data-element_type=\"widget\" data-widget_type=\"text-editor.default\">\n\t\t\t\t<div class=\"elementor-widget-container\">\n\t\t\t\t\t\t\t\t\t<p><span style=\"color: #ff0000;\">\u27a0<\/span> <span style=\"color: #003366;\">Ligadura de hemorroides<\/span><\/p><p><span style=\"color: #ff0000;\">\u27a0<\/span> <span style=\"color: #003366;\">Polipectomia alta\/ baja<\/span><\/p><p><span style=\"color: #ff0000;\">\u27a0<\/span> <span style=\"color: #003366;\">Mucosectomia alta\/baja<\/span><\/p><p><span style=\"color: #ff0000;\">\u27a0<\/span> <span style=\"color: #003366;\">Test de aliento para Helicobacter Pylori<\/span><\/p><p><span style=\"color: #ff0000;\">\u27a0<\/span> <span style=\"color: #003366;\">Test de sobrecrecimiento bacteriano intestinal<\/span><\/p>\t\t\t\t\t\t\t\t<\/div>\n\t\t\t\t<\/div>\n\t\t\t\t\t<\/div>\n\t\t<\/div>\n\t\t\t\t<div class=\"has_eae_slider has_ae_slider elementor-column elementor-col-33 elementor-inner-column elementor-element elementor-element-9780864 elementor-hidden-phone ae-bg-gallery-type-default\" data-id=\"9780864\" data-element_type=\"column\">\n\t\t\t<div class=\"elementor-widget-wrap elementor-element-populated\">\n\t\t\t\t\t\t<div class=\"elementor-element elementor-element-891cec7 elementor-widget elementor-widget-image\" data-id=\"891cec7\" data-element_type=\"widget\" data-widget_type=\"image.default\">\n\t\t\t\t<div class=\"elementor-widget-container\">\n\t\t\t\t\t\t\t\t\t\t\t\t\t\t\t<img fetchpriority=\"high\" decoding=\"async\" width=\"1024\" height=\"683\" src=\"https:\/\/teelweb.pe\/gastromedicperu\/wp-content\/uploads\/sites\/34\/2019\/12\/gastromedic_03-1024x683.jpg\" class=\"attachment-large size-large wp-image-240\" alt=\"\" srcset=\"https:\/\/teelweb.pe\/gastromedicperu\/wp-content\/uploads\/sites\/34\/2019\/12\/gastromedic_03-1024x683.jpg 1024w, https:\/\/teelweb.pe\/gastromedicperu\/wp-content\/uploads\/sites\/34\/2019\/12\/gastromedic_03-300x200.jpg 300w, https:\/\/teelweb.pe\/gastromedicperu\/wp-content\/uploads\/sites\/34\/2019\/12\/gastromedic_03-768x512.jpg 768w, https:\/\/teelweb.pe\/gastromedicperu\/wp-content\/uploads\/sites\/34\/2019\/12\/gastromedic_03.jpg 1200w\" sizes=\"(max-width: 1024px) 100vw, 1024px\" \/>\t\t\t\t\t\t\t\t\t\t\t\t\t\t\t<\/div>\n\t\t\t\t<\/div>\n\t\t\t\t\t<\/div>\n\t\t<\/div>\n\t\t\t\t\t<\/div>\n\t\t<\/section>\n\t\t\t\t<section class=\"has_eae_slider has_ae_slider elementor-section elementor-inner-section elementor-element elementor-element-db2c271 elementor-section-content-middle elementor-section-boxed elementor-section-height-default elementor-section-height-default ae-bg-gallery-type-default\" data-id=\"db2c271\" data-element_type=\"section\">\n\t\t\t\t\t\t<div class=\"elementor-container elementor-column-gap-default\">\n\t\t\t\t\t<div class=\"has_eae_slider has_ae_slider elementor-column elementor-col-50 elementor-inner-column elementor-element elementor-element-daf8d92 ae-bg-gallery-type-default\" data-id=\"daf8d92\" data-element_type=\"column\">\n\t\t\t<div class=\"elementor-widget-wrap elementor-element-populated\">\n\t\t\t\t\t\t<div class=\"elementor-element elementor-element-be8ec98 elementor-widget elementor-widget-text-editor\" data-id=\"be8ec98\" data-element_type=\"widget\" data-widget_type=\"text-editor.default\">\n\t\t\t\t<div class=\"elementor-widget-container\">\n\t\t\t\t\t\t\t\t\t<p>Todos nuestros procedimientos se llevan a cabo con sedoanalgesia, lo que garantiza que nuestrol paciente no presente dolor ni durante, ni posterior al procedimiento.<\/p>\t\t\t\t\t\t\t\t<\/div>\n\t\t\t\t<\/div>\n\t\t\t\t\t<\/div>\n\t\t<\/div>\n\t\t\t\t<div class=\"has_eae_slider has_ae_slider elementor-column elementor-col-50 elementor-inner-column elementor-element elementor-element-7760013 elementor-hidden-phone ae-bg-gallery-type-default\" data-id=\"7760013\" data-element_type=\"column\">\n\t\t\t<div class=\"elementor-widget-wrap elementor-element-populated\">\n\t\t\t\t\t\t<div class=\"elementor-element elementor-element-0bd2dc5 elementor-widget elementor-widget-image\" data-id=\"0bd2dc5\" data-element_type=\"widget\" data-widget_type=\"image.default\">\n\t\t\t\t<div class=\"elementor-widget-container\">\n\t\t\t\t\t\t\t\t\t\t\t\t\t\t\t<img decoding=\"async\" width=\"460\" height=\"78\" src=\"https:\/\/teelweb.pe\/gastromedicperu\/wp-content\/uploads\/sites\/34\/2019\/07\/logotipo_gastromedic_peru_web.png\" class=\"attachment-large size-large wp-image-62\" alt=\"\" srcset=\"https:\/\/teelweb.pe\/gastromedicperu\/wp-content\/uploads\/sites\/34\/2019\/07\/logotipo_gastromedic_peru_web.png 460w, https:\/\/teelweb.pe\/gastromedicperu\/wp-content\/uploads\/sites\/34\/2019\/07\/logotipo_gastromedic_peru_web-300x51.png 300w\" sizes=\"(max-width: 460px) 100vw, 460px\" \/>\t\t\t\t\t\t\t\t\t\t\t\t\t\t\t<\/div>\n\t\t\t\t<\/div>\n\t\t\t\t\t<\/div>\n\t\t<\/div>\n\t\t\t\t\t<\/div>\n\t\t<\/section>\n\t\t\t\t<section class=\"has_eae_slider has_ae_slider elementor-section elementor-inner-section elementor-element elementor-element-1ce7047 elementor-section-boxed elementor-section-height-default elementor-section-height-default ae-bg-gallery-type-default\" data-id=\"1ce7047\" data-element_type=\"section\">\n\t\t\t\t\t\t<div class=\"elementor-container elementor-column-gap-default\">\n\t\t\t\t\t<div class=\"has_eae_slider has_ae_slider elementor-column elementor-col-100 elementor-inner-column elementor-element elementor-element-ae32359 ae-bg-gallery-type-default\" data-id=\"ae32359\" data-element_type=\"column\">\n\t\t\t<div class=\"elementor-widget-wrap\">\n\t\t\t\t\t\t\t<\/div>\n\t\t<\/div>\n\t\t\t\t\t<\/div>\n\t\t<\/section>\n\t\t\t\t\t<\/div>\n\t\t<\/div>\n\t\t\t\t\t<\/div>\n\t\t<\/section>\n\t\t\t\t<\/div>\n\t\t","protected":false},"excerpt":{"rendered":"<p>Nuestros m\u00e9todos y procedimientos se distinguen por ser de los m\u00e1s modernos y efectivos para el estudio y evaluaci\u00f3n de los \u00f3rganos y la correcci\u00f3n de afecciones diversas. Conozca en esta secci\u00f3n la amplia gama de t\u00e9cnicas m\u00e9dicas que ponemos a su alcance para poder ofrecerle las soluciones ideales a sus problemas de salud relacionados &#8230; <a title=\"Procedimientos\" class=\"read-more\" href=\"https:\/\/teelweb.pe\/gastromedicperu\/servicios\/procedimientos\/\" aria-label=\"Leer m\u00e1s sobre Procedimientos\">Read more<\/a><\/p>\n","protected":false},"author":1,"featured_media":0,"parent":151,"menu_order":0,"comment_status":"closed","ping_status":"closed","template":"elementor_header_footer","meta":{"footnotes":""},"class_list":["post-219","page","type-page","status-publish"],"yoast_head":"<!-- This site is optimized with the Yoast SEO Premium plugin v22.2 (Yoast SEO v24.6) - https:\/\/yoast.com\/wordpress\/plugins\/seo\/ -->\n<title>Procedimientos - GASTROMEDIC PER\u00da<\/title>\n<meta name=\"robots\" content=\"index, follow, max-snippet:-1, max-image-preview:large, max-video-preview:-1\" \/>\n<link rel=\"canonical\" href=\"https:\/\/teelweb.pe\/gastromedicperu\/servicios\/procedimientos\/\" \/>\n<meta property=\"og:locale\" content=\"es_ES\" \/>\n<meta property=\"og:type\" content=\"article\" \/>\n<meta property=\"og:title\" content=\"Procedimientos\" \/>\n<meta property=\"og:description\" content=\"Nuestros m\u00e9todos y procedimientos se distinguen por ser de los m\u00e1s modernos y efectivos para el estudio y evaluaci\u00f3n de los \u00f3rganos y la correcci\u00f3n de afecciones diversas. Conozca en esta secci\u00f3n la amplia gama de t\u00e9cnicas m\u00e9dicas que ponemos a su alcance para poder ofrecerle las soluciones ideales a sus problemas de salud relacionados ... Read more\" \/>\n<meta property=\"og:url\" content=\"https:\/\/teelweb.pe\/gastromedicperu\/servicios\/procedimientos\/\" \/>\n<meta property=\"og:site_name\" content=\"GASTROMEDIC PER\u00da\" \/>\n<meta property=\"article:modified_time\" content=\"2020-05-12T06:54:59+00:00\" \/>\n<meta property=\"og:image\" content=\"http:\/\/gastromedicperu.com\/wp-content\/uploads\/sites\/34\/2019\/12\/gastromedic_03-1024x683.jpg\" \/>\n<meta name=\"twitter:card\" content=\"summary_large_image\" \/>\n<meta name=\"twitter:label1\" content=\"Tiempo de lectura\" \/>\n\t<meta name=\"twitter:data1\" content=\"1 minuto\" \/>\n<script type=\"application\/ld+json\" class=\"yoast-schema-graph\">{\"@context\":\"https:\/\/schema.org\",\"@graph\":[{\"@type\":\"WebPage\",\"@id\":\"https:\/\/teelweb.pe\/gastromedicperu\/servicios\/procedimientos\/\",\"url\":\"https:\/\/teelweb.pe\/gastromedicperu\/servicios\/procedimientos\/\",\"name\":\"Procedimientos - GASTROMEDIC PER\u00da\",\"isPartOf\":{\"@id\":\"https:\/\/teelweb.pe\/gastromedicperu\/#website\"},\"primaryImageOfPage\":{\"@id\":\"https:\/\/teelweb.pe\/gastromedicperu\/servicios\/procedimientos\/#primaryimage\"},\"image\":{\"@id\":\"https:\/\/teelweb.pe\/gastromedicperu\/servicios\/procedimientos\/#primaryimage\"},\"thumbnailUrl\":\"http:\/\/gastromedicperu.com\/wp-content\/uploads\/sites\/34\/2019\/12\/gastromedic_03-1024x683.jpg\",\"datePublished\":\"2019-12-11T16:58:21+00:00\",\"dateModified\":\"2020-05-12T06:54:59+00:00\",\"breadcrumb\":{\"@id\":\"https:\/\/teelweb.pe\/gastromedicperu\/servicios\/procedimientos\/#breadcrumb\"},\"inLanguage\":\"es\",\"potentialAction\":[{\"@type\":\"ReadAction\",\"target\":[\"https:\/\/teelweb.pe\/gastromedicperu\/servicios\/procedimientos\/\"]}]},{\"@type\":\"ImageObject\",\"inLanguage\":\"es\",\"@id\":\"https:\/\/teelweb.pe\/gastromedicperu\/servicios\/procedimientos\/#primaryimage\",\"url\":\"http:\/\/gastromedicperu.com\/wp-content\/uploads\/sites\/34\/2019\/12\/gastromedic_03-1024x683.jpg\",\"contentUrl\":\"http:\/\/gastromedicperu.com\/wp-content\/uploads\/sites\/34\/2019\/12\/gastromedic_03-1024x683.jpg\"},{\"@type\":\"BreadcrumbList\",\"@id\":\"https:\/\/teelweb.pe\/gastromedicperu\/servicios\/procedimientos\/#breadcrumb\",\"itemListElement\":[{\"@type\":\"ListItem\",\"position\":1,\"name\":\"Inicio\",\"item\":\"https:\/\/teelweb.pe\/gastromedicperu\/\"},{\"@type\":\"ListItem\",\"position\":2,\"name\":\"Servicios\",\"item\":\"https:\/\/teelweb.pe\/gastromedicperu\/servicios\/\"},{\"@type\":\"ListItem\",\"position\":3,\"name\":\"Procedimientos\"}]},{\"@type\":\"WebSite\",\"@id\":\"https:\/\/teelweb.pe\/gastromedicperu\/#website\",\"url\":\"https:\/\/teelweb.pe\/gastromedicperu\/\",\"name\":\"GASTROMEDIC PER\u00da\",\"description\":\"M\u00e9dicos Especialistas en Gastroenterolog\u00eda\",\"potentialAction\":[{\"@type\":\"SearchAction\",\"target\":{\"@type\":\"EntryPoint\",\"urlTemplate\":\"https:\/\/teelweb.pe\/gastromedicperu\/?s={search_term_string}\"},\"query-input\":{\"@type\":\"PropertyValueSpecification\",\"valueRequired\":true,\"valueName\":\"search_term_string\"}}],\"inLanguage\":\"es\"}]}<\/script>\n<!-- \/ Yoast SEO Premium plugin. -->","yoast_head_json":{"title":"Procedimientos - GASTROMEDIC PER\u00da","robots":{"index":"index","follow":"follow","max-snippet":"max-snippet:-1","max-image-preview":"max-image-preview:large","max-video-preview":"max-video-preview:-1"},"canonical":"https:\/\/teelweb.pe\/gastromedicperu\/servicios\/procedimientos\/","og_locale":"es_ES","og_type":"article","og_title":"Procedimientos","og_description":"Nuestros m\u00e9todos y procedimientos se distinguen por ser de los m\u00e1s modernos y efectivos para el estudio y evaluaci\u00f3n de los \u00f3rganos y la correcci\u00f3n de afecciones diversas. Conozca en esta secci\u00f3n la amplia gama de t\u00e9cnicas m\u00e9dicas que ponemos a su alcance para poder ofrecerle las soluciones ideales a sus problemas de salud relacionados ... Read more","og_url":"https:\/\/teelweb.pe\/gastromedicperu\/servicios\/procedimientos\/","og_site_name":"GASTROMEDIC PER\u00da","article_modified_time":"2020-05-12T06:54:59+00:00","og_image":[{"url":"http:\/\/gastromedicperu.com\/wp-content\/uploads\/sites\/34\/2019\/12\/gastromedic_03-1024x683.jpg","type":"","width":"","height":""}],"twitter_card":"summary_large_image","twitter_misc":{"Tiempo de lectura":"1 minuto"},"schema":{"@context":"https:\/\/schema.org","@graph":[{"@type":"WebPage","@id":"https:\/\/teelweb.pe\/gastromedicperu\/servicios\/procedimientos\/","url":"https:\/\/teelweb.pe\/gastromedicperu\/servicios\/procedimientos\/","name":"Procedimientos - GASTROMEDIC PER\u00da","isPartOf":{"@id":"https:\/\/teelweb.pe\/gastromedicperu\/#website"},"primaryImageOfPage":{"@id":"https:\/\/teelweb.pe\/gastromedicperu\/servicios\/procedimientos\/#primaryimage"},"image":{"@id":"https:\/\/teelweb.pe\/gastromedicperu\/servicios\/procedimientos\/#primaryimage"},"thumbnailUrl":"http:\/\/gastromedicperu.com\/wp-content\/uploads\/sites\/34\/2019\/12\/gastromedic_03-1024x683.jpg","datePublished":"2019-12-11T16:58:21+00:00","dateModified":"2020-05-12T06:54:59+00:00","breadcrumb":{"@id":"https:\/\/teelweb.pe\/gastromedicperu\/servicios\/procedimientos\/#breadcrumb"},"inLanguage":"es","potentialAction":[{"@type":"ReadAction","target":["https:\/\/teelweb.pe\/gastromedicperu\/servicios\/procedimientos\/"]}]},{"@type":"ImageObject","inLanguage":"es","@id":"https:\/\/teelweb.pe\/gastromedicperu\/servicios\/procedimientos\/#primaryimage","url":"http:\/\/gastromedicperu.com\/wp-content\/uploads\/sites\/34\/2019\/12\/gastromedic_03-1024x683.jpg","contentUrl":"http:\/\/gastromedicperu.com\/wp-content\/uploads\/sites\/34\/2019\/12\/gastromedic_03-1024x683.jpg"},{"@type":"BreadcrumbList","@id":"https:\/\/teelweb.pe\/gastromedicperu\/servicios\/procedimientos\/#breadcrumb","itemListElement":[{"@type":"ListItem","position":1,"name":"Inicio","item":"https:\/\/teelweb.pe\/gastromedicperu\/"},{"@type":"ListItem","position":2,"name":"Servicios","item":"https:\/\/teelweb.pe\/gastromedicperu\/servicios\/"},{"@type":"ListItem","position":3,"name":"Procedimientos"}]},{"@type":"WebSite","@id":"https:\/\/teelweb.pe\/gastromedicperu\/#website","url":"https:\/\/teelweb.pe\/gastromedicperu\/","name":"GASTROMEDIC PER\u00da","description":"M\u00e9dicos Especialistas en Gastroenterolog\u00eda","potentialAction":[{"@type":"SearchAction","target":{"@type":"EntryPoint","urlTemplate":"https:\/\/teelweb.pe\/gastromedicperu\/?s={search_term_string}"},"query-input":{"@type":"PropertyValueSpecification","valueRequired":true,"valueName":"search_term_string"}}],"inLanguage":"es"}]}},"_links":{"self":[{"href":"https:\/\/teelweb.pe\/gastromedicperu\/wp-json\/wp\/v2\/pages\/219","targetHints":{"allow":["GET"]}}],"collection":[{"href":"https:\/\/teelweb.pe\/gastromedicperu\/wp-json\/wp\/v2\/pages"}],"about":[{"href":"https:\/\/teelweb.pe\/gastromedicperu\/wp-json\/wp\/v2\/types\/page"}],"author":[{"embeddable":true,"href":"https:\/\/teelweb.pe\/gastromedicperu\/wp-json\/wp\/v2\/users\/1"}],"replies":[{"embeddable":true,"href":"https:\/\/teelweb.pe\/gastromedicperu\/wp-json\/wp\/v2\/comments?post=219"}],"version-history":[{"count":0,"href":"https:\/\/teelweb.pe\/gastromedicperu\/wp-json\/wp\/v2\/pages\/219\/revisions"}],"up":[{"embeddable":true,"href":"https:\/\/teelweb.pe\/gastromedicperu\/wp-json\/wp\/v2\/pages\/151"}],"wp:attachment":[{"href":"https:\/\/teelweb.pe\/gastromedicperu\/wp-json\/wp\/v2\/media?parent=219"}],"curies":[{"name":"wp","href":"https:\/\/api.w.org\/{rel}","templated":true}]}}