{"id":265,"date":"2019-12-11T16:05:55","date_gmt":"2019-12-11T21:05:55","guid":{"rendered":"http:\/\/gastromedicperu.com\/?page_id=265"},"modified":"2019-12-11T16:08:02","modified_gmt":"2019-12-11T21:08:02","slug":"reservar-cita","status":"publish","type":"page","link":"https:\/\/teelweb.pe\/gastromedicperu\/reservar-cita\/","title":{"rendered":"Reservar Cita"},"content":{"rendered":"\t\t<div data-elementor-type=\"wp-page\" data-elementor-id=\"265\" class=\"elementor elementor-265\" data-elementor-post-type=\"page\">\n\t\t\t\t\t\t<section class=\"has_eae_slider has_ae_slider elementor-section elementor-top-section elementor-element elementor-element-0356787 elementor-section-full_width elementor-section-height-default elementor-section-height-default ae-bg-gallery-type-default\" data-id=\"0356787\" data-element_type=\"section\" data-settings=\"{&quot;background_background&quot;:&quot;classic&quot;}\">\n\t\t\t\t\t\t<div class=\"elementor-container elementor-column-gap-default\">\n\t\t\t\t\t<div class=\"has_eae_slider has_ae_slider elementor-column elementor-col-100 elementor-top-column elementor-element elementor-element-e1b0d22 ae-bg-gallery-type-default\" data-id=\"e1b0d22\" data-element_type=\"column\">\n\t\t\t<div class=\"elementor-widget-wrap elementor-element-populated\">\n\t\t\t\t\t\t<div class=\"elementor-element elementor-element-41f47c8 elementor-align-center elementor-widget elementor-widget-breadcrumbs\" data-id=\"41f47c8\" data-element_type=\"widget\" data-widget_type=\"breadcrumbs.default\">\n\t\t\t\t<div class=\"elementor-widget-container\">\n\t\t\t\t\t<p id=\"breadcrumbs\"><span><span><a href=\"https:\/\/teelweb.pe\/gastromedicperu\/\">Inicio<\/a><\/span><\/span><\/p>\t\t\t\t<\/div>\n\t\t\t\t<\/div>\n\t\t\t\t\t<\/div>\n\t\t<\/div>\n\t\t\t\t\t<\/div>\n\t\t<\/section>\n\t\t\t\t<section class=\"has_eae_slider has_ae_slider elementor-section elementor-top-section elementor-element elementor-element-c2c719c elementor-section-boxed elementor-section-height-default elementor-section-height-default ae-bg-gallery-type-default\" data-id=\"c2c719c\" data-element_type=\"section\">\n\t\t\t\t\t\t<div class=\"elementor-container elementor-column-gap-default\">\n\t\t\t\t\t<div class=\"has_eae_slider has_ae_slider elementor-column elementor-col-25 elementor-top-column elementor-element elementor-element-c5e3040 ae-bg-gallery-type-default\" data-id=\"c5e3040\" data-element_type=\"column\">\n\t\t\t<div class=\"elementor-widget-wrap\">\n\t\t\t\t\t\t\t<\/div>\n\t\t<\/div>\n\t\t\t\t<div class=\"has_eae_slider has_ae_slider elementor-column elementor-col-50 elementor-top-column elementor-element elementor-element-450b5f1 ae-bg-gallery-type-default\" data-id=\"450b5f1\" data-element_type=\"column\">\n\t\t\t<div class=\"elementor-widget-wrap elementor-element-populated\">\n\t\t\t\t\t\t<div class=\"elementor-element elementor-element-25bfff9 elementor-widget elementor-widget-image\" data-id=\"25bfff9\" data-element_type=\"widget\" data-widget_type=\"image.default\">\n\t\t\t\t<div class=\"elementor-widget-container\">\n\t\t\t\t\t\t\t\t\t\t\t\t\t\t\t<img decoding=\"async\" width=\"460\" height=\"78\" src=\"https:\/\/teelweb.pe\/gastromedicperu\/wp-content\/uploads\/sites\/34\/2019\/07\/logotipo_gastromedic_peru_web.png\" class=\"attachment-large size-large wp-image-62\" alt=\"\" srcset=\"https:\/\/teelweb.pe\/gastromedicperu\/wp-content\/uploads\/sites\/34\/2019\/07\/logotipo_gastromedic_peru_web.png 460w, https:\/\/teelweb.pe\/gastromedicperu\/wp-content\/uploads\/sites\/34\/2019\/07\/logotipo_gastromedic_peru_web-300x51.png 300w\" sizes=\"(max-width: 460px) 100vw, 460px\" \/>\t\t\t\t\t\t\t\t\t\t\t\t\t\t\t<\/div>\n\t\t\t\t<\/div>\n\t\t\t\t<div class=\"elementor-element elementor-element-ef0c11e elementor-widget elementor-widget-html\" data-id=\"ef0c11e\" data-element_type=\"widget\" data-widget_type=\"html.default\">\n\t\t\t\t<div class=\"elementor-widget-container\">\n\t\t\t\t\t<script type=\"text\/javascript\">var gform;gform||(document.addEventListener(\"gform_main_scripts_loaded\",function(){gform.scriptsLoaded=!0}),window.addEventListener(\"DOMContentLoaded\",function(){gform.domLoaded=!0}),gform={domLoaded:!1,scriptsLoaded:!1,initializeOnLoaded:function(o){gform.domLoaded&&gform.scriptsLoaded?o():!gform.domLoaded&&gform.scriptsLoaded?window.addEventListener(\"DOMContentLoaded\",o):document.addEventListener(\"gform_main_scripts_loaded\",o)},hooks:{action:{},filter:{}},addAction:function(o,n,r,t){gform.addHook(\"action\",o,n,r,t)},addFilter:function(o,n,r,t){gform.addHook(\"filter\",o,n,r,t)},doAction:function(o){gform.doHook(\"action\",o,arguments)},applyFilters:function(o){return gform.doHook(\"filter\",o,arguments)},removeAction:function(o,n){gform.removeHook(\"action\",o,n)},removeFilter:function(o,n,r){gform.removeHook(\"filter\",o,n,r)},addHook:function(o,n,r,t,i){null==gform.hooks[o][n]&&(gform.hooks[o][n]=[]);var e=gform.hooks[o][n];null==i&&(i=n+\"_\"+e.length),gform.hooks[o][n].push({tag:i,callable:r,priority:t=null==t?10:t})},doHook:function(n,o,r){var t;if(r=Array.prototype.slice.call(r,1),null!=gform.hooks[n][o]&&((o=gform.hooks[n][o]).sort(function(o,n){return o.priority-n.priority}),o.forEach(function(o){\"function\"!=typeof(t=o.callable)&&(t=window[t]),\"action\"==n?t.apply(null,r):r[0]=t.apply(null,r)})),\"filter\"==n)return r[0]},removeHook:function(o,n,t,i){var r;null!=gform.hooks[o][n]&&(r=(r=gform.hooks[o][n]).filter(function(o,n,r){return!!(null!=i&&i!=o.tag||null!=t&&t!=o.priority)}),gform.hooks[o][n]=r)}});<\/script>\n                <div class='gf_browser_gecko gform_wrapper gform_legacy_markup_wrapper' id='gform_wrapper_1' style='display:none'><div id='gf_1' class='gform_anchor' tabindex='-1'><\/div>\n                        <div class='gform_heading'>\n                            <h3 class=\"gform_title\">Citas<\/h3>\n                            <span class='gform_description'><\/span>\n                        <\/div><form method='post' enctype='multipart\/form-data' target='gform_ajax_frame_1' id='gform_1'  action='\/gastromedicperu\/wp-json\/wp\/v2\/pages\/265#gf_1' >\n        <div id='gf_progressbar_wrapper_1' class='gf_progressbar_wrapper'>\n        \t<h3 class=\"gf_progressbar_title\">Paso <span class='gf_step_current_page'>1<\/span> de <span class='gf_step_page_count'>2<\/span>\n        \t<\/h3>\n            <div class='gf_progressbar gf_progressbar_blue' aria-hidden='true'>\n                <div class='gf_progressbar_percentage percentbar_blue percentbar_50' style='width:50%;'><span>50%<\/span><\/div>\n            <\/div><\/div>\n                        <div class='gform_body gform-body'><div id='gform_page_1_1' class='gform_page' >\n                                    <div class='gform_page_fields'><ul id='gform_fields_1' class='gform_fields top_label form_sublabel_below description_below'><li id=\"field_1_3\" class=\"gfield gf_left_half field_sublabel_below field_description_below gfield_visibility_visible\" ><label class='gfield_label' for='input_1_3' >Nombre<\/label><div class='ginput_container ginput_container_text'><input name='input_3' id='input_1_3' type='text' value='' class='medium'      aria-invalid=\"false\"   \/> <\/div><\/li><li id=\"field_1_4\" class=\"gfield gf_right_half field_sublabel_below field_description_below gfield_visibility_visible\" ><label class='gfield_label' for='input_1_4' >Apellido<\/label><div class='ginput_container ginput_container_text'><input name='input_4' id='input_1_4' type='text' value='' class='medium'      aria-invalid=\"false\"   \/> <\/div><\/li><li id=\"field_1_6\" class=\"gfield field_sublabel_below field_description_below gfield_visibility_visible\" ><label class='gfield_label'  >Gastroenter\u00f3logos<\/label><div class='ginput_container ginput_container_radio'><ul class='gfield_radio' id='input_1_6'>\n\t\t\t<li class='gchoice gchoice_1_6_0'>\n\t\t\t\t<input name='input_6' type='radio' value='Dr. Edgard Chavez'  id='choice_1_6_0'    \/>\n\t\t\t\t<label for='choice_1_6_0' id='label_1_6_0'>Dr. Edgard Chavez<\/label>\n\t\t\t<\/li>\n\t\t\t<li class='gchoice gchoice_1_6_1'>\n\t\t\t\t<input name='input_6' type='radio' value='Dr. V\u00edctor Parra'  id='choice_1_6_1'    \/>\n\t\t\t\t<label for='choice_1_6_1' id='label_1_6_1'>Dr. V\u00edctor Parra<\/label>\n\t\t\t<\/li><\/ul><\/div><\/li><\/ul>\n                    <\/div>\n                    <div class='gform_page_footer top_label'>\n                         <input type='button' id='gform_next_button_1_2' class='gform_next_button button' value='Siguiente '  onclick='jQuery(\"#gform_target_page_number_1\").val(\"2\");  jQuery(\"#gform_1\").trigger(\"submit\",[true]); ' onkeypress='if( event.keyCode == 13 ){ jQuery(\"#gform_target_page_number_1\").val(\"2\");  jQuery(\"#gform_1\").trigger(\"submit\",[true]); } ' \/> \n                    <\/div>\n                <\/div>\n                <div id='gform_page_1_2' class='gform_page' style='display:none;'>\n                    <div class='gform_page_fields'>\n                        <ul id='gform_fields_1_2' class='gform_fields top_label form_sublabel_below description_below'><li id=\"field_1_5\" class=\"gfield gf_list_2col field_sublabel_below field_description_below gfield_visibility_visible\" ><label class='gfield_label' for='input_1_5' >Sin nombre<\/label><div class='ginput_container ginput_container_multiselect'><select multiple='multiple'  size='7' name='input_5[]' id='input_1_5' class='medium gfield_select'   aria-invalid=\"false\"  ><option value='Lunes - 3:00 pm' >Lunes - 3:00 pm<\/option><option value='Lunes - 3:30 pm' >Lunes - 3:30 pm<\/option><option value='Lunes - 4:00 pm' >Lunes - 4:00 pm<\/option><\/select><\/div><\/li><li id=\"field_1_7\" class=\"gfield field_sublabel_below field_description_below gfield_visibility_visible\" ><label class='gfield_label' for='input_1_7' >Sin nombre<\/label><div class='ginput_container ginput_container_multiselect'><select multiple='multiple'  size='7' name='input_7[]' id='input_1_7' class='medium gfield_select'   aria-invalid=\"false\"  ><option value='Martes - 3:00 pm' >Martes - 3:00 pm<\/option><option value='Martes - 3:30 pm' >Martes - 3:30 pm<\/option><option value='Martes - 4:00 pm' >Martes - 4:00 pm<\/option><\/select><\/div><\/li><li id=\"field_1_8\" class=\"gfield gform_validation_container field_sublabel_below field_description_below gfield_visibility_visible\" ><label class='gfield_label' for='input_1_8' >Phone<\/label><div class='ginput_container'><input name='input_8' id='input_1_8' type='text' value='' \/><\/div><div class='gfield_description' id='gfield_description_1_8'>Este campo es un campo de validaci\u00f3n y debe quedar sin cambios.<\/div><\/li><\/ul><\/div>\n        <div class='gform_page_footer top_label'><input type='submit' id='gform_previous_button_1' class='gform_previous_button button' value='Anterior'  onclick='if(window[\"gf_submitting_1\"]){return false;}  window[\"gf_submitting_1\"]=true;  ' onkeypress='if( event.keyCode == 13 ){ if(window[\"gf_submitting_1\"]){return false;} window[\"gf_submitting_1\"]=true;  jQuery(\"#gform_1\").trigger(\"submit\",[true]); }' \/> <input type='submit' id='gform_submit_button_1' class='gform_button button' value='Enviar'  onclick='if(window[\"gf_submitting_1\"]){return false;}  window[\"gf_submitting_1\"]=true;  ' onkeypress='if( event.keyCode == 13 ){ if(window[\"gf_submitting_1\"]){return false;} window[\"gf_submitting_1\"]=true;  jQuery(\"#gform_1\").trigger(\"submit\",[true]); }' \/> <input type='hidden' name='gform_ajax' value='form_id=1&amp;title=1&amp;description=1&amp;tabindex=0' \/>\n            <input type='hidden' class='gform_hidden' name='is_submit_1' value='1' \/>\n            <input type='hidden' class='gform_hidden' name='gform_submit' value='1' \/>\n            \n            <input type='hidden' class='gform_hidden' name='gform_unique_id' value='' \/>\n            <input type='hidden' class='gform_hidden' name='state_1' value='WyJbXSIsImUwMTFlOTIwMjNmMDdlYmI2N2E0ZGRjZmZjMjY1YmFjIl0=' \/>\n            <input type='hidden' class='gform_hidden' name='gform_target_page_number_1' id='gform_target_page_number_1' value='2' \/>\n            <input type='hidden' class='gform_hidden' name='gform_source_page_number_1' id='gform_source_page_number_1' value='1' \/>\n            <input type='hidden' name='gform_field_values' value='' \/>\n            \n        <\/div>\n                        <\/div><\/div>\n                        <\/form>\n                        <\/div>\n                <iframe style='display:none;width:0px;height:0px;' src='about:blank' name='gform_ajax_frame_1' id='gform_ajax_frame_1' title='Este iframe contiene la l\u00f3gica necesaria para gestionar formularios con ajax activado.'><\/iframe>\n                <script>\ngform.initializeOnLoaded( function() {gformInitSpinner( 1, 'https:\/\/teelweb.pe\/gastromedicperu\/wp-content\/plugins\/gravityforms\/images\/spinner.svg' );jQuery('#gform_ajax_frame_1').on('load',function(){var contents = jQuery(this).contents().find('*').html();var is_postback = contents.indexOf('GF_AJAX_POSTBACK') >= 0;if(!is_postback){return;}var form_content = jQuery(this).contents().find('#gform_wrapper_1');var is_confirmation = jQuery(this).contents().find('#gform_confirmation_wrapper_1').length > 0;var is_redirect = contents.indexOf('gformRedirect(){') >= 0;var is_form = form_content.length > 0 && ! is_redirect && ! is_confirmation;var mt = parseInt(jQuery('html').css('margin-top'), 10) + parseInt(jQuery('body').css('margin-top'), 10) + 100;if(is_form){jQuery('#gform_wrapper_1').html(form_content.html());if(form_content.hasClass('gform_validation_error')){jQuery('#gform_wrapper_1').addClass('gform_validation_error');} else {jQuery('#gform_wrapper_1').removeClass('gform_validation_error');}setTimeout( function() { \/* delay the scroll by 50 milliseconds to fix a bug in chrome *\/ jQuery(document).scrollTop(jQuery('#gform_wrapper_1').offset().top - mt); }, 50 );if(window['gformInitDatepicker']) {gformInitDatepicker();}if(window['gformInitPriceFields']) {gformInitPriceFields();}var current_page = jQuery('#gform_source_page_number_1').val();gformInitSpinner( 1, 'https:\/\/teelweb.pe\/gastromedicperu\/wp-content\/plugins\/gravityforms\/images\/spinner.svg' );jQuery(document).trigger('gform_page_loaded', [1, current_page]);window['gf_submitting_1'] = false;}else if(!is_redirect){var confirmation_content = jQuery(this).contents().find('.GF_AJAX_POSTBACK').html();if(!confirmation_content){confirmation_content = contents;}setTimeout(function(){jQuery('#gform_wrapper_1').replaceWith(confirmation_content);jQuery(document).scrollTop(jQuery('#gf_1').offset().top - mt);jQuery(document).trigger('gform_confirmation_loaded', [1]);window['gf_submitting_1'] = false;wp.a11y.speak(jQuery('#gform_confirmation_message_1').text());}, 50);}else{jQuery('#gform_1').append(contents);if(window['gformRedirect']) {gformRedirect();}}jQuery(document).trigger('gform_post_render', [1, current_page]);} );} );\n<\/script>\n\t\t\t\t<\/div>\n\t\t\t\t<\/div>\n\t\t\t\t\t<\/div>\n\t\t<\/div>\n\t\t\t\t<div class=\"has_eae_slider has_ae_slider elementor-column elementor-col-25 elementor-top-column elementor-element elementor-element-e8f4bd2 ae-bg-gallery-type-default\" data-id=\"e8f4bd2\" data-element_type=\"column\">\n\t\t\t<div class=\"elementor-widget-wrap\">\n\t\t\t\t\t\t\t<\/div>\n\t\t<\/div>\n\t\t\t\t\t<\/div>\n\t\t<\/section>\n\t\t\t\t<\/div>\n\t\t","protected":false},"excerpt":{"rendered":"","protected":false},"author":1,"featured_media":0,"parent":0,"menu_order":0,"comment_status":"closed","ping_status":"closed","template":"elementor_header_footer","meta":{"footnotes":""},"class_list":["post-265","page","type-page","status-publish"],"yoast_head":"<!-- This site is optimized with the Yoast SEO Premium plugin v22.2 (Yoast SEO v24.6) - https:\/\/yoast.com\/wordpress\/plugins\/seo\/ -->\n<title>Reservar Cita - GASTROMEDIC PER\u00da<\/title>\n<meta name=\"robots\" content=\"index, follow, max-snippet:-1, max-image-preview:large, max-video-preview:-1\" \/>\n<link rel=\"canonical\" href=\"https:\/\/teelweb.pe\/gastromedicperu\/reservar-cita\/\" \/>\n<meta property=\"og:locale\" content=\"es_ES\" \/>\n<meta property=\"og:type\" content=\"article\" \/>\n<meta property=\"og:title\" content=\"Reservar Cita\" \/>\n<meta property=\"og:url\" content=\"https:\/\/teelweb.pe\/gastromedicperu\/reservar-cita\/\" \/>\n<meta property=\"og:site_name\" content=\"GASTROMEDIC PER\u00da\" \/>\n<meta property=\"article:modified_time\" content=\"2019-12-11T21:08:02+00:00\" \/>\n<meta property=\"og:image\" content=\"http:\/\/gastromedicperu.com\/wp-content\/uploads\/sites\/34\/2019\/07\/logotipo_gastromedic_peru_web.png\" \/>\n<meta name=\"twitter:card\" content=\"summary_large_image\" \/>\n<script type=\"application\/ld+json\" class=\"yoast-schema-graph\">{\"@context\":\"https:\/\/schema.org\",\"@graph\":[{\"@type\":\"WebPage\",\"@id\":\"https:\/\/teelweb.pe\/gastromedicperu\/reservar-cita\/\",\"url\":\"https:\/\/teelweb.pe\/gastromedicperu\/reservar-cita\/\",\"name\":\"Reservar Cita - GASTROMEDIC PER\u00da\",\"isPartOf\":{\"@id\":\"https:\/\/teelweb.pe\/gastromedicperu\/#website\"},\"primaryImageOfPage\":{\"@id\":\"https:\/\/teelweb.pe\/gastromedicperu\/reservar-cita\/#primaryimage\"},\"image\":{\"@id\":\"https:\/\/teelweb.pe\/gastromedicperu\/reservar-cita\/#primaryimage\"},\"thumbnailUrl\":\"http:\/\/gastromedicperu.com\/wp-content\/uploads\/sites\/34\/2019\/07\/logotipo_gastromedic_peru_web.png\",\"datePublished\":\"2019-12-11T21:05:55+00:00\",\"dateModified\":\"2019-12-11T21:08:02+00:00\",\"breadcrumb\":{\"@id\":\"https:\/\/teelweb.pe\/gastromedicperu\/reservar-cita\/#breadcrumb\"},\"inLanguage\":\"es\",\"potentialAction\":[{\"@type\":\"ReadAction\",\"target\":[\"https:\/\/teelweb.pe\/gastromedicperu\/reservar-cita\/\"]}]},{\"@type\":\"ImageObject\",\"inLanguage\":\"es\",\"@id\":\"https:\/\/teelweb.pe\/gastromedicperu\/reservar-cita\/#primaryimage\",\"url\":\"http:\/\/gastromedicperu.com\/wp-content\/uploads\/sites\/34\/2019\/07\/logotipo_gastromedic_peru_web.png\",\"contentUrl\":\"http:\/\/gastromedicperu.com\/wp-content\/uploads\/sites\/34\/2019\/07\/logotipo_gastromedic_peru_web.png\"},{\"@type\":\"BreadcrumbList\",\"@id\":\"https:\/\/teelweb.pe\/gastromedicperu\/reservar-cita\/#breadcrumb\",\"itemListElement\":[{\"@type\":\"ListItem\",\"position\":1,\"name\":\"Inicio\",\"item\":\"https:\/\/teelweb.pe\/gastromedicperu\/\"},{\"@type\":\"ListItem\",\"position\":2,\"name\":\"Reservar Cita\"}]},{\"@type\":\"WebSite\",\"@id\":\"https:\/\/teelweb.pe\/gastromedicperu\/#website\",\"url\":\"https:\/\/teelweb.pe\/gastromedicperu\/\",\"name\":\"GASTROMEDIC PER\u00da\",\"description\":\"M\u00e9dicos Especialistas en Gastroenterolog\u00eda\",\"potentialAction\":[{\"@type\":\"SearchAction\",\"target\":{\"@type\":\"EntryPoint\",\"urlTemplate\":\"https:\/\/teelweb.pe\/gastromedicperu\/?s={search_term_string}\"},\"query-input\":{\"@type\":\"PropertyValueSpecification\",\"valueRequired\":true,\"valueName\":\"search_term_string\"}}],\"inLanguage\":\"es\"}]}<\/script>\n<!-- \/ Yoast SEO Premium plugin. -->","yoast_head_json":{"title":"Reservar Cita - GASTROMEDIC PER\u00da","robots":{"index":"index","follow":"follow","max-snippet":"max-snippet:-1","max-image-preview":"max-image-preview:large","max-video-preview":"max-video-preview:-1"},"canonical":"https:\/\/teelweb.pe\/gastromedicperu\/reservar-cita\/","og_locale":"es_ES","og_type":"article","og_title":"Reservar Cita","og_url":"https:\/\/teelweb.pe\/gastromedicperu\/reservar-cita\/","og_site_name":"GASTROMEDIC PER\u00da","article_modified_time":"2019-12-11T21:08:02+00:00","og_image":[{"url":"http:\/\/gastromedicperu.com\/wp-content\/uploads\/sites\/34\/2019\/07\/logotipo_gastromedic_peru_web.png","type":"","width":"","height":""}],"twitter_card":"summary_large_image","schema":{"@context":"https:\/\/schema.org","@graph":[{"@type":"WebPage","@id":"https:\/\/teelweb.pe\/gastromedicperu\/reservar-cita\/","url":"https:\/\/teelweb.pe\/gastromedicperu\/reservar-cita\/","name":"Reservar Cita - GASTROMEDIC PER\u00da","isPartOf":{"@id":"https:\/\/teelweb.pe\/gastromedicperu\/#website"},"primaryImageOfPage":{"@id":"https:\/\/teelweb.pe\/gastromedicperu\/reservar-cita\/#primaryimage"},"image":{"@id":"https:\/\/teelweb.pe\/gastromedicperu\/reservar-cita\/#primaryimage"},"thumbnailUrl":"http:\/\/gastromedicperu.com\/wp-content\/uploads\/sites\/34\/2019\/07\/logotipo_gastromedic_peru_web.png","datePublished":"2019-12-11T21:05:55+00:00","dateModified":"2019-12-11T21:08:02+00:00","breadcrumb":{"@id":"https:\/\/teelweb.pe\/gastromedicperu\/reservar-cita\/#breadcrumb"},"inLanguage":"es","potentialAction":[{"@type":"ReadAction","target":["https:\/\/teelweb.pe\/gastromedicperu\/reservar-cita\/"]}]},{"@type":"ImageObject","inLanguage":"es","@id":"https:\/\/teelweb.pe\/gastromedicperu\/reservar-cita\/#primaryimage","url":"http:\/\/gastromedicperu.com\/wp-content\/uploads\/sites\/34\/2019\/07\/logotipo_gastromedic_peru_web.png","contentUrl":"http:\/\/gastromedicperu.com\/wp-content\/uploads\/sites\/34\/2019\/07\/logotipo_gastromedic_peru_web.png"},{"@type":"BreadcrumbList","@id":"https:\/\/teelweb.pe\/gastromedicperu\/reservar-cita\/#breadcrumb","itemListElement":[{"@type":"ListItem","position":1,"name":"Inicio","item":"https:\/\/teelweb.pe\/gastromedicperu\/"},{"@type":"ListItem","position":2,"name":"Reservar Cita"}]},{"@type":"WebSite","@id":"https:\/\/teelweb.pe\/gastromedicperu\/#website","url":"https:\/\/teelweb.pe\/gastromedicperu\/","name":"GASTROMEDIC PER\u00da","description":"M\u00e9dicos Especialistas en Gastroenterolog\u00eda","potentialAction":[{"@type":"SearchAction","target":{"@type":"EntryPoint","urlTemplate":"https:\/\/teelweb.pe\/gastromedicperu\/?s={search_term_string}"},"query-input":{"@type":"PropertyValueSpecification","valueRequired":true,"valueName":"search_term_string"}}],"inLanguage":"es"}]}},"_links":{"self":[{"href":"https:\/\/teelweb.pe\/gastromedicperu\/wp-json\/wp\/v2\/pages\/265","targetHints":{"allow":["GET"]}}],"collection":[{"href":"https:\/\/teelweb.pe\/gastromedicperu\/wp-json\/wp\/v2\/pages"}],"about":[{"href":"https:\/\/teelweb.pe\/gastromedicperu\/wp-json\/wp\/v2\/types\/page"}],"author":[{"embeddable":true,"href":"https:\/\/teelweb.pe\/gastromedicperu\/wp-json\/wp\/v2\/users\/1"}],"replies":[{"embeddable":true,"href":"https:\/\/teelweb.pe\/gastromedicperu\/wp-json\/wp\/v2\/comments?post=265"}],"version-history":[{"count":0,"href":"https:\/\/teelweb.pe\/gastromedicperu\/wp-json\/wp\/v2\/pages\/265\/revisions"}],"wp:attachment":[{"href":"https:\/\/teelweb.pe\/gastromedicperu\/wp-json\/wp\/v2\/media?parent=265"}],"curies":[{"name":"wp","href":"https:\/\/api.w.org\/{rel}","templated":true}]}}