{"id":328,"date":"2020-04-27T13:53:45","date_gmt":"2020-04-27T18:53:45","guid":{"rendered":"http:\/\/gastromedicperu.com\/?page_id=328"},"modified":"2020-04-27T23:40:39","modified_gmt":"2020-04-28T04:40:39","slug":"citas-medicas-a-distancia","status":"publish","type":"page","link":"https:\/\/teelweb.pe\/gastromedicperu\/citas-medicas-a-distancia\/","title":{"rendered":"Citas M\u00e9dicas a Distancia"},"content":{"rendered":"\t\t<div data-elementor-type=\"wp-page\" data-elementor-id=\"328\" class=\"elementor elementor-328\" data-elementor-post-type=\"page\">\n\t\t\t\t\t\t<section class=\"has_eae_slider has_ae_slider elementor-section elementor-top-section elementor-element elementor-element-0356787 elementor-section-full_width elementor-section-height-default elementor-section-height-default ae-bg-gallery-type-default\" data-id=\"0356787\" data-element_type=\"section\" data-settings=\"{&quot;background_background&quot;:&quot;classic&quot;}\">\n\t\t\t\t\t\t<div class=\"elementor-container elementor-column-gap-default\">\n\t\t\t\t\t<div class=\"has_eae_slider has_ae_slider elementor-column elementor-col-100 elementor-top-column elementor-element elementor-element-e1b0d22 ae-bg-gallery-type-default\" data-id=\"e1b0d22\" data-element_type=\"column\">\n\t\t\t<div class=\"elementor-widget-wrap elementor-element-populated\">\n\t\t\t\t\t\t<div class=\"elementor-element elementor-element-41f47c8 elementor-align-center elementor-widget elementor-widget-breadcrumbs\" data-id=\"41f47c8\" data-element_type=\"widget\" data-widget_type=\"breadcrumbs.default\">\n\t\t\t\t<div class=\"elementor-widget-container\">\n\t\t\t\t\t<p id=\"breadcrumbs\"><span><span><a href=\"https:\/\/teelweb.pe\/gastromedicperu\/\">Inicio<\/a><\/span><\/span><\/p>\t\t\t\t<\/div>\n\t\t\t\t<\/div>\n\t\t\t\t\t<\/div>\n\t\t<\/div>\n\t\t\t\t\t<\/div>\n\t\t<\/section>\n\t\t\t\t<section class=\"has_eae_slider has_ae_slider elementor-section elementor-top-section elementor-element elementor-element-938fad0 elementor-section-boxed elementor-section-height-default elementor-section-height-default ae-bg-gallery-type-default\" data-id=\"938fad0\" data-element_type=\"section\">\n\t\t\t\t\t\t<div class=\"elementor-container elementor-column-gap-default\">\n\t\t\t\t\t<div class=\"has_eae_slider has_ae_slider elementor-column elementor-col-25 elementor-top-column elementor-element elementor-element-44079b4 ae-bg-gallery-type-default\" data-id=\"44079b4\" data-element_type=\"column\">\n\t\t\t<div class=\"elementor-widget-wrap\">\n\t\t\t\t\t\t\t<\/div>\n\t\t<\/div>\n\t\t\t\t<div class=\"has_eae_slider has_ae_slider elementor-column elementor-col-50 elementor-top-column elementor-element elementor-element-0c7da38 ae-bg-gallery-type-default\" data-id=\"0c7da38\" data-element_type=\"column\">\n\t\t\t<div class=\"elementor-widget-wrap elementor-element-populated\">\n\t\t\t\t\t\t<div class=\"elementor-element elementor-element-c8829b2 elementor-widget elementor-widget-heading\" data-id=\"c8829b2\" data-element_type=\"widget\" data-widget_type=\"heading.default\">\n\t\t\t\t<div class=\"elementor-widget-container\">\n\t\t\t\t\t<p class=\"elementor-heading-title elementor-size-medium\">Por favor ingresa tu nombre, apellidos y n\u00famero telef\u00f3nico fijo o celular y te llamaremos para coordinar la cita m\u00e9dica a distancia:<\/p>\t\t\t\t<\/div>\n\t\t\t\t<\/div>\n\t\t\t\t<div class=\"elementor-element elementor-element-75e87b9 elementor-button-align-stretch elementor-widget elementor-widget-form\" data-id=\"75e87b9\" data-element_type=\"widget\" data-settings=\"{&quot;button_width&quot;:&quot;100&quot;,&quot;step_next_label&quot;:&quot;Next&quot;,&quot;step_previous_label&quot;:&quot;Previous&quot;,&quot;step_type&quot;:&quot;number_text&quot;,&quot;step_icon_shape&quot;:&quot;circle&quot;}\" data-widget_type=\"form.default\">\n\t\t\t\t<div class=\"elementor-widget-container\">\n\t\t\t\t\t\t\t<form class=\"elementor-form\" method=\"post\" name=\"Nuevo Formulario\">\n\t\t\t<input type=\"hidden\" name=\"post_id\" value=\"328\"\/>\n\t\t\t<input type=\"hidden\" name=\"form_id\" value=\"75e87b9\"\/>\n\t\t\t<input type=\"hidden\" name=\"referer_title\" value=\"GASTROMEDIC PER\u00da\" \/>\n\n\t\t\t\n\t\t\t<div class=\"elementor-form-fields-wrapper elementor-labels-above\">\n\t\t\t\t\t\t\t\t<div class=\"elementor-field-type-text elementor-field-group elementor-column elementor-field-group-name elementor-col-100 elementor-field-required elementor-mark-required\">\n\t\t\t\t\t\t\t\t\t\t\t\t<label for=\"form-field-name\" class=\"elementor-field-label\">\n\t\t\t\t\t\t\t\tNombre y Apellidos\t\t\t\t\t\t\t<\/label>\n\t\t\t\t\t\t\t\t\t\t\t\t\t\t<input size=\"1\" type=\"text\" name=\"form_fields[name]\" id=\"form-field-name\" class=\"elementor-field elementor-size-xs  elementor-field-textual\" placeholder=\"Nombre y Apellidos\" required=\"required\">\n\t\t\t\t\t\t\t\t\t\t\t<\/div>\n\t\t\t\t\t\t\t\t<div class=\"elementor-field-type-tel elementor-field-group elementor-column elementor-field-group-email elementor-col-100 elementor-field-required elementor-mark-required\">\n\t\t\t\t\t\t\t\t\t\t\t\t<label for=\"form-field-email\" class=\"elementor-field-label\">\n\t\t\t\t\t\t\t\tTel\u00e9fono\t\t\t\t\t\t\t<\/label>\n\t\t\t\t\t\t\t\t<input size=\"1\" type=\"tel\" name=\"form_fields[email]\" id=\"form-field-email\" class=\"elementor-field elementor-size-xs  elementor-field-textual\" placeholder=\"Tel\u00e9fono Fijo o Celular\" required=\"required\" pattern=\"[0-9()#&amp;+*-=.]+\" title=\"Only numbers and phone characters (#, -, *, etc) are accepted.\">\n\n\t\t\t\t\t\t<\/div>\n\t\t\t\t\t\t\t\t<div class=\"elementor-field-type-textarea elementor-field-group elementor-column elementor-field-group-message elementor-col-100\">\n\t\t\t\t\t\t\t\t\t\t\t\t<label for=\"form-field-message\" class=\"elementor-field-label\">\n\t\t\t\t\t\t\t\tMensaje Opcional\t\t\t\t\t\t\t<\/label>\n\t\t\t\t\t\t<textarea class=\"elementor-field-textual elementor-field  elementor-size-xs\" name=\"form_fields[message]\" id=\"form-field-message\" rows=\"2\" placeholder=\"Mensaje Opcional\"><\/textarea>\t\t\t\t<\/div>\n\t\t\t\t\t\t\t\t<div class=\"elementor-field-group elementor-column elementor-field-type-submit elementor-col-100 e-form__buttons\">\n\t\t\t\t\t<button class=\"elementor-button elementor-size-sm\" type=\"submit\">\n\t\t\t\t\t\t<span class=\"elementor-button-content-wrapper\">\n\t\t\t\t\t\t\t\t\t\t\t\t\t\t\t\t\t\t\t\t\t\t<span class=\"elementor-button-text\">Solicitar CITA M\u00c9DICA<\/span>\n\t\t\t\t\t\t\t\t\t\t\t\t\t<\/span>\n\t\t\t\t\t<\/button>\n\t\t\t\t<\/div>\n\t\t\t<\/div>\n\t\t<\/form>\n\t\t\t\t\t\t<\/div>\n\t\t\t\t<\/div>\n\t\t\t\t<div class=\"elementor-element elementor-element-45b9fdf elementor-align-center elementor-widget elementor-widget-button\" data-id=\"45b9fdf\" data-element_type=\"widget\" data-widget_type=\"button.default\">\n\t\t\t\t<div class=\"elementor-widget-container\">\n\t\t\t\t\t\t\t\t\t<div class=\"elementor-button-wrapper\">\n\t\t\t\t\t<a class=\"elementor-button elementor-button-link elementor-size-xs\" href=\"https:\/\/teelweb.pe\/gastromedicperu\">\n\t\t\t\t\t\t<span class=\"elementor-button-content-wrapper\">\n\t\t\t\t\t\t\t\t\t<span class=\"elementor-button-text\">\u21b3 Volver a Gastromedic Per\u00fa<\/span>\n\t\t\t\t\t<\/span>\n\t\t\t\t\t<\/a>\n\t\t\t\t<\/div>\n\t\t\t\t\t\t\t\t<\/div>\n\t\t\t\t<\/div>\n\t\t\t\t\t<\/div>\n\t\t<\/div>\n\t\t\t\t<div class=\"has_eae_slider has_ae_slider elementor-column elementor-col-25 elementor-top-column elementor-element elementor-element-8702a67 ae-bg-gallery-type-default\" data-id=\"8702a67\" data-element_type=\"column\">\n\t\t\t<div class=\"elementor-widget-wrap\">\n\t\t\t\t\t\t\t<\/div>\n\t\t<\/div>\n\t\t\t\t\t<\/div>\n\t\t<\/section>\n\t\t\t\t<\/div>\n\t\t","protected":false},"excerpt":{"rendered":"<p>Por favor ingresa tu nombre, apellidos y n\u00famero telef\u00f3nico fijo o celular y te llamaremos para coordinar la cita m\u00e9dica a distancia: \u21b3 Volver a Gastromedic Per\u00fa<\/p>\n","protected":false},"author":1,"featured_media":0,"parent":0,"menu_order":0,"comment_status":"closed","ping_status":"closed","template":"elementor_canvas","meta":{"footnotes":""},"class_list":["post-328","page","type-page","status-publish"],"yoast_head":"<!-- This site is optimized with the Yoast SEO Premium plugin v22.2 (Yoast SEO v24.6) - https:\/\/yoast.com\/wordpress\/plugins\/seo\/ -->\n<title>Citas M\u00e9dicas a Distancia - GASTROMEDIC PER\u00da<\/title>\n<meta name=\"robots\" content=\"index, follow, max-snippet:-1, max-image-preview:large, max-video-preview:-1\" \/>\n<link rel=\"canonical\" href=\"https:\/\/teelweb.pe\/gastromedicperu\/citas-medicas-a-distancia\/\" \/>\n<meta property=\"og:locale\" content=\"es_ES\" \/>\n<meta property=\"og:type\" content=\"article\" \/>\n<meta property=\"og:title\" content=\"Citas M\u00e9dicas a Distancia\" \/>\n<meta property=\"og:description\" content=\"Por favor ingresa tu nombre, apellidos y n\u00famero telef\u00f3nico fijo o celular y te llamaremos para coordinar la cita m\u00e9dica a distancia: \u21b3 Volver a Gastromedic Per\u00fa\" \/>\n<meta property=\"og:url\" content=\"https:\/\/teelweb.pe\/gastromedicperu\/citas-medicas-a-distancia\/\" \/>\n<meta property=\"og:site_name\" content=\"GASTROMEDIC PER\u00da\" \/>\n<meta property=\"article:modified_time\" content=\"2020-04-28T04:40:39+00:00\" \/>\n<meta name=\"twitter:card\" content=\"summary_large_image\" \/>\n<script type=\"application\/ld+json\" class=\"yoast-schema-graph\">{\"@context\":\"https:\/\/schema.org\",\"@graph\":[{\"@type\":\"WebPage\",\"@id\":\"https:\/\/teelweb.pe\/gastromedicperu\/citas-medicas-a-distancia\/\",\"url\":\"https:\/\/teelweb.pe\/gastromedicperu\/citas-medicas-a-distancia\/\",\"name\":\"Citas M\u00e9dicas a Distancia - GASTROMEDIC PER\u00da\",\"isPartOf\":{\"@id\":\"https:\/\/teelweb.pe\/gastromedicperu\/#website\"},\"datePublished\":\"2020-04-27T18:53:45+00:00\",\"dateModified\":\"2020-04-28T04:40:39+00:00\",\"breadcrumb\":{\"@id\":\"https:\/\/teelweb.pe\/gastromedicperu\/citas-medicas-a-distancia\/#breadcrumb\"},\"inLanguage\":\"es\",\"potentialAction\":[{\"@type\":\"ReadAction\",\"target\":[\"https:\/\/teelweb.pe\/gastromedicperu\/citas-medicas-a-distancia\/\"]}]},{\"@type\":\"BreadcrumbList\",\"@id\":\"https:\/\/teelweb.pe\/gastromedicperu\/citas-medicas-a-distancia\/#breadcrumb\",\"itemListElement\":[{\"@type\":\"ListItem\",\"position\":1,\"name\":\"Inicio\",\"item\":\"https:\/\/teelweb.pe\/gastromedicperu\/\"},{\"@type\":\"ListItem\",\"position\":2,\"name\":\"Citas M\u00e9dicas a Distancia\"}]},{\"@type\":\"WebSite\",\"@id\":\"https:\/\/teelweb.pe\/gastromedicperu\/#website\",\"url\":\"https:\/\/teelweb.pe\/gastromedicperu\/\",\"name\":\"GASTROMEDIC PER\u00da\",\"description\":\"M\u00e9dicos Especialistas en Gastroenterolog\u00eda\",\"potentialAction\":[{\"@type\":\"SearchAction\",\"target\":{\"@type\":\"EntryPoint\",\"urlTemplate\":\"https:\/\/teelweb.pe\/gastromedicperu\/?s={search_term_string}\"},\"query-input\":{\"@type\":\"PropertyValueSpecification\",\"valueRequired\":true,\"valueName\":\"search_term_string\"}}],\"inLanguage\":\"es\"}]}<\/script>\n<!-- \/ Yoast SEO Premium plugin. -->","yoast_head_json":{"title":"Citas M\u00e9dicas a Distancia - GASTROMEDIC PER\u00da","robots":{"index":"index","follow":"follow","max-snippet":"max-snippet:-1","max-image-preview":"max-image-preview:large","max-video-preview":"max-video-preview:-1"},"canonical":"https:\/\/teelweb.pe\/gastromedicperu\/citas-medicas-a-distancia\/","og_locale":"es_ES","og_type":"article","og_title":"Citas M\u00e9dicas a Distancia","og_description":"Por favor ingresa tu nombre, apellidos y n\u00famero telef\u00f3nico fijo o celular y te llamaremos para coordinar la cita m\u00e9dica a distancia: \u21b3 Volver a Gastromedic Per\u00fa","og_url":"https:\/\/teelweb.pe\/gastromedicperu\/citas-medicas-a-distancia\/","og_site_name":"GASTROMEDIC PER\u00da","article_modified_time":"2020-04-28T04:40:39+00:00","twitter_card":"summary_large_image","schema":{"@context":"https:\/\/schema.org","@graph":[{"@type":"WebPage","@id":"https:\/\/teelweb.pe\/gastromedicperu\/citas-medicas-a-distancia\/","url":"https:\/\/teelweb.pe\/gastromedicperu\/citas-medicas-a-distancia\/","name":"Citas M\u00e9dicas a Distancia - GASTROMEDIC PER\u00da","isPartOf":{"@id":"https:\/\/teelweb.pe\/gastromedicperu\/#website"},"datePublished":"2020-04-27T18:53:45+00:00","dateModified":"2020-04-28T04:40:39+00:00","breadcrumb":{"@id":"https:\/\/teelweb.pe\/gastromedicperu\/citas-medicas-a-distancia\/#breadcrumb"},"inLanguage":"es","potentialAction":[{"@type":"ReadAction","target":["https:\/\/teelweb.pe\/gastromedicperu\/citas-medicas-a-distancia\/"]}]},{"@type":"BreadcrumbList","@id":"https:\/\/teelweb.pe\/gastromedicperu\/citas-medicas-a-distancia\/#breadcrumb","itemListElement":[{"@type":"ListItem","position":1,"name":"Inicio","item":"https:\/\/teelweb.pe\/gastromedicperu\/"},{"@type":"ListItem","position":2,"name":"Citas M\u00e9dicas a Distancia"}]},{"@type":"WebSite","@id":"https:\/\/teelweb.pe\/gastromedicperu\/#website","url":"https:\/\/teelweb.pe\/gastromedicperu\/","name":"GASTROMEDIC PER\u00da","description":"M\u00e9dicos Especialistas en Gastroenterolog\u00eda","potentialAction":[{"@type":"SearchAction","target":{"@type":"EntryPoint","urlTemplate":"https:\/\/teelweb.pe\/gastromedicperu\/?s={search_term_string}"},"query-input":{"@type":"PropertyValueSpecification","valueRequired":true,"valueName":"search_term_string"}}],"inLanguage":"es"}]}},"_links":{"self":[{"href":"https:\/\/teelweb.pe\/gastromedicperu\/wp-json\/wp\/v2\/pages\/328","targetHints":{"allow":["GET"]}}],"collection":[{"href":"https:\/\/teelweb.pe\/gastromedicperu\/wp-json\/wp\/v2\/pages"}],"about":[{"href":"https:\/\/teelweb.pe\/gastromedicperu\/wp-json\/wp\/v2\/types\/page"}],"author":[{"embeddable":true,"href":"https:\/\/teelweb.pe\/gastromedicperu\/wp-json\/wp\/v2\/users\/1"}],"replies":[{"embeddable":true,"href":"https:\/\/teelweb.pe\/gastromedicperu\/wp-json\/wp\/v2\/comments?post=328"}],"version-history":[{"count":0,"href":"https:\/\/teelweb.pe\/gastromedicperu\/wp-json\/wp\/v2\/pages\/328\/revisions"}],"wp:attachment":[{"href":"https:\/\/teelweb.pe\/gastromedicperu\/wp-json\/wp\/v2\/media?parent=328"}],"curies":[{"name":"wp","href":"https:\/\/api.w.org\/{rel}","templated":true}]}}